{"id":775,"date":"2021-03-10T20:40:51","date_gmt":"2021-03-10T19:40:51","guid":{"rendered":"http:\/\/www.brunopublicite.fr\/?page_id=775"},"modified":"2021-06-14T10:16:17","modified_gmt":"2021-06-14T08:16:17","slug":"decoration-de-vehicules","status":"publish","type":"page","link":"https:\/\/www.brunopublicite.fr\/index.php\/decoration-de-vehicules\/","title":{"rendered":"D\u00e9coration de v\u00e9hicules"},"content":{"rendered":"\t\t<div data-elementor-type=\"wp-page\" data-elementor-id=\"775\" class=\"elementor elementor-775\" data-elementor-settings=\"[]\">\n\t\t\t\t\t\t\t<div class=\"elementor-section-wrap\">\n\t\t\t\t\t\t\t<section class=\"elementor-section elementor-top-section elementor-element elementor-element-78219dd elementor-section-boxed elementor-section-height-default elementor-section-height-default\" data-id=\"78219dd\" data-element_type=\"section\">\n\t\t\t\t\t\t<div class=\"elementor-container elementor-column-gap-default\">\n\t\t\t\t\t<div class=\"elementor-column elementor-col-12 elementor-top-column elementor-element elementor-element-efd500f\" data-id=\"efd500f\" data-element_type=\"column\" data-settings=\"{&quot;background_background&quot;:&quot;classic&quot;}\">\n\t\t\t<div class=\"elementor-widget-wrap elementor-element-populated\">\n\t\t\t\t\t\t\t\t<div class=\"elementor-element elementor-element-68bba3b elementor-widget elementor-widget-heading\" data-id=\"68bba3b\" data-element_type=\"widget\" data-widget_type=\"heading.default\">\n\t\t\t\t<div class=\"elementor-widget-container\">\n\t\t\t<h2 class=\"elementor-heading-title elementor-size-medium\"><a href=\"http:\/\/www.brunopublicite.fr\/index.php\/panneaux\/\">Panneaux<\/a><\/h2>\t\t<\/div>\n\t\t\t\t<\/div>\n\t\t\t\t\t<\/div>\n\t\t<\/div>\n\t\t\t\t<div class=\"elementor-column elementor-col-12 elementor-top-column elementor-element elementor-element-f79f5e6\" data-id=\"f79f5e6\" data-element_type=\"column\" data-settings=\"{&quot;background_background&quot;:&quot;classic&quot;}\">\n\t\t\t<div class=\"elementor-widget-wrap elementor-element-populated\">\n\t\t\t\t\t\t\t\t<div class=\"elementor-element elementor-element-b00af0c elementor-widget elementor-widget-heading\" data-id=\"b00af0c\" data-element_type=\"widget\" data-widget_type=\"heading.default\">\n\t\t\t\t<div class=\"elementor-widget-container\">\n\t\t\t<h2 class=\"elementor-heading-title elementor-size-medium\"><a href=\"http:\/\/www.brunopublicite.fr\/index.php\/les-enseignes\/\">Enseignes<\/a><\/h2>\t\t<\/div>\n\t\t\t\t<\/div>\n\t\t\t\t\t<\/div>\n\t\t<\/div>\n\t\t\t\t<div class=\"elementor-column elementor-col-12 elementor-top-column elementor-element elementor-element-043cbe4\" data-id=\"043cbe4\" data-element_type=\"column\" data-settings=\"{&quot;background_background&quot;:&quot;classic&quot;}\">\n\t\t\t<div class=\"elementor-widget-wrap elementor-element-populated\">\n\t\t\t\t\t\t\t\t<div class=\"elementor-element elementor-element-ea35e9e elementor-widget elementor-widget-heading\" data-id=\"ea35e9e\" data-element_type=\"widget\" data-widget_type=\"heading.default\">\n\t\t\t\t<div class=\"elementor-widget-container\">\n\t\t\t<h2 class=\"elementor-heading-title elementor-size-medium\"><a href=\"http:\/\/www.brunopublicite.fr\/index.php\/la-decoupe\/\">D\u00e9coupe<\/a><\/h2>\t\t<\/div>\n\t\t\t\t<\/div>\n\t\t\t\t\t<\/div>\n\t\t<\/div>\n\t\t\t\t<div class=\"elementor-column elementor-col-12 elementor-top-column elementor-element elementor-element-f239de6\" data-id=\"f239de6\" data-element_type=\"column\" data-settings=\"{&quot;background_background&quot;:&quot;classic&quot;}\">\n\t\t\t<div class=\"elementor-widget-wrap elementor-element-populated\">\n\t\t\t\t\t\t\t\t<div class=\"elementor-element elementor-element-146069d elementor-widget elementor-widget-heading\" data-id=\"146069d\" data-element_type=\"widget\" data-widget_type=\"heading.default\">\n\t\t\t\t<div class=\"elementor-widget-container\">\n\t\t\t<h2 class=\"elementor-heading-title elementor-size-medium\"><a href=\"http:\/\/www.brunopublicite.fr\/index.php\/impression\/\">Impression<\/a><\/h2>\t\t<\/div>\n\t\t\t\t<\/div>\n\t\t\t\t\t<\/div>\n\t\t<\/div>\n\t\t\t\t<div class=\"elementor-column elementor-col-12 elementor-top-column elementor-element elementor-element-52919ce\" data-id=\"52919ce\" data-element_type=\"column\" data-settings=\"{&quot;background_background&quot;:&quot;classic&quot;}\">\n\t\t\t<div class=\"elementor-widget-wrap elementor-element-populated\">\n\t\t\t\t\t\t\t\t<div class=\"elementor-element elementor-element-1d4f4c7 elementor-widget elementor-widget-heading\" data-id=\"1d4f4c7\" data-element_type=\"widget\" data-widget_type=\"heading.default\">\n\t\t\t\t<div class=\"elementor-widget-container\">\n\t\t\t<h2 class=\"elementor-heading-title elementor-size-medium\"><a href=\"http:\/\/www.brunopublicite.fr\/index.php\/decoration-de-vehicules\/\">V\u00e9hicules<\/a><\/h2>\t\t<\/div>\n\t\t\t\t<\/div>\n\t\t\t\t\t<\/div>\n\t\t<\/div>\n\t\t\t\t<div class=\"elementor-column elementor-col-12 elementor-top-column elementor-element elementor-element-205a3b8\" data-id=\"205a3b8\" data-element_type=\"column\" data-settings=\"{&quot;background_background&quot;:&quot;classic&quot;}\">\n\t\t\t<div class=\"elementor-widget-wrap elementor-element-populated\">\n\t\t\t\t\t\t\t\t<div class=\"elementor-element elementor-element-44ec452 elementor-widget elementor-widget-heading\" data-id=\"44ec452\" data-element_type=\"widget\" data-widget_type=\"heading.default\">\n\t\t\t\t<div class=\"elementor-widget-container\">\n\t\t\t<h2 class=\"elementor-heading-title elementor-size-medium\"><a href=\"http:\/\/brunopublicite.fr\/\">Accueil<\/a><\/h2>\t\t<\/div>\n\t\t\t\t<\/div>\n\t\t\t\t\t<\/div>\n\t\t<\/div>\n\t\t\t\t<div class=\"elementor-column elementor-col-12 elementor-top-column elementor-element elementor-element-e5e6cb6\" data-id=\"e5e6cb6\" data-element_type=\"column\" data-settings=\"{&quot;background_background&quot;:&quot;classic&quot;}\">\n\t\t\t<div class=\"elementor-widget-wrap elementor-element-populated\">\n\t\t\t\t\t\t\t\t<div class=\"elementor-element elementor-element-0db21aa elementor-widget elementor-widget-heading\" data-id=\"0db21aa\" data-element_type=\"widget\" data-widget_type=\"heading.default\">\n\t\t\t\t<div class=\"elementor-widget-container\">\n\t\t\t<h2 class=\"elementor-heading-title elementor-size-medium\"><a href=\"http:\/\/www.brunopublicite.fr\/index.php\/contact\/\">Contact<\/a><\/h2>\t\t<\/div>\n\t\t\t\t<\/div>\n\t\t\t\t\t<\/div>\n\t\t<\/div>\n\t\t\t\t<div class=\"elementor-column elementor-col-12 elementor-top-column elementor-element elementor-element-7059cc1\" data-id=\"7059cc1\" data-element_type=\"column\" data-settings=\"{&quot;background_background&quot;:&quot;classic&quot;}\">\n\t\t\t<div class=\"elementor-widget-wrap elementor-element-populated\">\n\t\t\t\t\t\t\t\t<div class=\"elementor-element elementor-element-0b19c64 elementor-widget elementor-widget-heading\" data-id=\"0b19c64\" data-element_type=\"widget\" data-widget_type=\"heading.default\">\n\t\t\t\t<div class=\"elementor-widget-container\">\n\t\t\t<h2 class=\"elementor-heading-title elementor-size-medium\"><a href=\"http:\/\/www.brunopublicite.fr\/index.php\/nos-realisations\/\">R\u00e9alisations<\/a><\/h2>\t\t<\/div>\n\t\t\t\t<\/div>\n\t\t\t\t\t<\/div>\n\t\t<\/div>\n\t\t\t\t\t\t\t<\/div>\n\t\t<\/section>\n\t\t\t\t<section class=\"elementor-section elementor-top-section elementor-element elementor-element-587bb22 elementor-section-boxed elementor-section-height-default elementor-section-height-default\" data-id=\"587bb22\" data-element_type=\"section\">\n\t\t\t\t\t\t<div class=\"elementor-container elementor-column-gap-default\">\n\t\t\t\t\t<div class=\"elementor-column elementor-col-100 elementor-top-column elementor-element elementor-element-5879b13\" data-id=\"5879b13\" data-element_type=\"column\">\n\t\t\t<div class=\"elementor-widget-wrap elementor-element-populated\">\n\t\t\t\t\t\t\t\t<div class=\"elementor-element elementor-element-d52fca4 elementor-widget elementor-widget-heading\" data-id=\"d52fca4\" data-element_type=\"widget\" data-widget_type=\"heading.default\">\n\t\t\t\t<div class=\"elementor-widget-container\">\n\t\t\t<h2 class=\"elementor-heading-title elementor-size-default\">D\u00e9coration de v\u00e9hicules<\/h2>\t\t<\/div>\n\t\t\t\t<\/div>\n\t\t\t\t\t<\/div>\n\t\t<\/div>\n\t\t\t\t\t\t\t<\/div>\n\t\t<\/section>\n\t\t\t\t<section class=\"elementor-section elementor-top-section elementor-element elementor-element-6f18551 elementor-section-boxed elementor-section-height-default elementor-section-height-default\" data-id=\"6f18551\" data-element_type=\"section\">\n\t\t\t\t\t\t<div class=\"elementor-container elementor-column-gap-default\">\n\t\t\t\t\t<div class=\"elementor-column elementor-col-100 elementor-top-column elementor-element elementor-element-560e0f5\" data-id=\"560e0f5\" data-element_type=\"column\">\n\t\t\t<div class=\"elementor-widget-wrap elementor-element-populated\">\n\t\t\t\t\t\t\t\t<div class=\"elementor-element elementor-element-633a9e4 elementor-widget elementor-widget-text-editor\" data-id=\"633a9e4\" data-element_type=\"widget\" data-widget_type=\"text-editor.default\">\n\t\t\t\t<div class=\"elementor-widget-container\">\n\t\t\t\t\t<div class=\"elementor-text-editor elementor-clearfix\"><p>\u2013 R\u00c9ALISATION DE LA MAQUETTE<br \/>\u2013 FABRICATION<br \/>\u2013 FOURNITURE SOUS FORME DE KIT PRET A POSER<br \/>\u2013 POSE PAR NOS SOINS<\/p><\/div>\n\t\t\t\t<\/div>\n\t\t\t\t<\/div>\n\t\t\t\t\t<\/div>\n\t\t<\/div>\n\t\t\t\t\t\t\t<\/div>\n\t\t<\/section>\n\t\t\t\t<section class=\"elementor-section elementor-top-section elementor-element elementor-element-7d5e624 elementor-section-boxed elementor-section-height-default elementor-section-height-default\" data-id=\"7d5e624\" data-element_type=\"section\">\n\t\t\t\t\t\t<div class=\"elementor-container elementor-column-gap-default\">\n\t\t\t\t\t<div class=\"elementor-column elementor-col-100 elementor-top-column elementor-element elementor-element-5dc8ed7\" data-id=\"5dc8ed7\" data-element_type=\"column\">\n\t\t\t<div class=\"elementor-widget-wrap elementor-element-populated\">\n\t\t\t\t\t\t\t\t<div class=\"elementor-element elementor-element-9580304 elementor-fixed elementor-widget elementor-widget-text-editor\" data-id=\"9580304\" data-element_type=\"widget\" data-settings=\"{&quot;_position&quot;:&quot;fixed&quot;}\" data-widget_type=\"text-editor.default\">\n\t\t\t\t<div class=\"elementor-widget-container\">\n\t\t\t\t\t<div class=\"elementor-text-editor elementor-clearfix\"><strong>Pour toutes vos questions concernant vos futures r\u00e9alisations utilisez la rubrique <span style=\"color: #ff6600;\"><a style=\"color: #ff6600;\" href=\"http:\/\/www.brunopublicite.fr\/index.php\/contact\/\">Contact<\/a> <\/span>ou envoyez nous un mail \u00e0\n<\/strong>\n<h2><span style=\"color: #0000ff;\"><a style=\"color: #0000ff;\" href=\"mailto:bruno@brunopublicite.fr\">bruno@brunopublicite.fr<\/a><\/span><\/h2><\/div>\n\t\t\t\t<\/div>\n\t\t\t\t<\/div>\n\t\t\t\t\t<\/div>\n\t\t<\/div>\n\t\t\t\t\t\t\t<\/div>\n\t\t<\/section>\n\t\t\t\t<section class=\"elementor-section elementor-top-section elementor-element elementor-element-78d3e37 elementor-section-boxed elementor-section-height-default elementor-section-height-default\" data-id=\"78d3e37\" data-element_type=\"section\">\n\t\t\t\t\t\t<div class=\"elementor-container elementor-column-gap-default\">\n\t\t\t\t\t<div class=\"elementor-column elementor-col-100 elementor-top-column elementor-element elementor-element-74b4f69\" data-id=\"74b4f69\" data-element_type=\"column\">\n\t\t\t<div class=\"elementor-widget-wrap elementor-element-populated\">\n\t\t\t\t\t\t\t\t<div class=\"elementor-element elementor-element-3468ed0 elementor-arrows-position-inside elementor-pagination-position-outside elementor-widget elementor-widget-image-carousel\" data-id=\"3468ed0\" data-element_type=\"widget\" data-settings=\"{&quot;slides_to_show&quot;:&quot;1&quot;,&quot;navigation&quot;:&quot;both&quot;,&quot;autoplay&quot;:&quot;yes&quot;,&quot;pause_on_hover&quot;:&quot;yes&quot;,&quot;pause_on_interaction&quot;:&quot;yes&quot;,&quot;autoplay_speed&quot;:5000,&quot;infinite&quot;:&quot;yes&quot;,&quot;effect&quot;:&quot;slide&quot;,&quot;speed&quot;:500}\" data-widget_type=\"image-carousel.default\">\n\t\t\t\t<div class=\"elementor-widget-container\">\n\t\t\t\t\t<div class=\"elementor-image-carousel-wrapper swiper-container\" dir=\"ltr\">\n\t\t\t<div class=\"elementor-image-carousel swiper-wrapper\">\n\t\t\t\t<div class=\"swiper-slide\"><figure class=\"swiper-slide-inner\"><img class=\"swiper-slide-image\" src=\"https:\/\/www.brunopublicite.fr\/wp-content\/uploads\/2021\/06\/20210604_170953-scaled.jpg\" alt=\"20210604_170953\" \/><\/figure><\/div><div class=\"swiper-slide\"><figure class=\"swiper-slide-inner\"><img class=\"swiper-slide-image\" src=\"https:\/\/www.brunopublicite.fr\/wp-content\/uploads\/2021\/06\/20210604_170934-scaled.jpg\" alt=\"20210604_170934\" \/><\/figure><\/div><div class=\"swiper-slide\"><figure class=\"swiper-slide-inner\"><img class=\"swiper-slide-image\" src=\"https:\/\/www.brunopublicite.fr\/wp-content\/uploads\/2021\/06\/20210324_170902-scaled.jpg\" alt=\"20210324_170902\" \/><\/figure><\/div>\t\t\t<\/div>\n\t\t\t\t\t\t\t\t\t\t\t\t<div class=\"swiper-pagination\"><\/div>\n\t\t\t\t\t\t\t\t\t\t\t\t\t<div class=\"elementor-swiper-button elementor-swiper-button-prev\">\n\t\t\t\t\t\t<i class=\"eicon-chevron-left\" aria-hidden=\"true\"><\/i>\n\t\t\t\t\t\t<span class=\"elementor-screen-only\">Previous<\/span>\n\t\t\t\t\t<\/div>\n\t\t\t\t\t<div class=\"elementor-swiper-button elementor-swiper-button-next\">\n\t\t\t\t\t\t<i class=\"eicon-chevron-right\" aria-hidden=\"true\"><\/i>\n\t\t\t\t\t\t<span class=\"elementor-screen-only\">Next<\/span>\n\t\t\t\t\t<\/div>\n\t\t\t\t\t\t\t\t\t<\/div>\n\t\t\t\t<\/div>\n\t\t\t\t<\/div>\n\t\t\t\t\t<\/div>\n\t\t<\/div>\n\t\t\t\t\t\t\t<\/div>\n\t\t<\/section>\n\t\t\t\t\t\t<\/div>\n\t\t\t\t\t<\/div>\n\t\t","protected":false},"excerpt":{"rendered":"<p>Panneaux Enseignes D\u00e9coupe Impression V\u00e9hicules Accueil Contact R\u00e9alisations D\u00e9coration de v\u00e9hicules \u2013 R\u00c9ALISATION DE LA MAQUETTE\u2013 FABRICATION\u2013 FOURNITURE SOUS FORME DE KIT PRET A POSER\u2013 POSE PAR NOS SOINS Pour toutes vos questions concernant vos futures r\u00e9alisations utilisez la rubrique Contact ou envoyez nous un mail \u00e0 bruno@brunopublicite.fr Pr\u00e9c\u00e9dent Suivant<\/p>\n","protected":false},"author":1,"featured_media":0,"parent":0,"menu_order":0,"comment_status":"closed","ping_status":"closed","template":"page-templates\/template-pagebuilder-full-width.php","meta":{"neve_meta_sidebar":"full-width","neve_meta_container":"","neve_meta_enable_content_width":"on","neve_meta_content_width":100,"neve_meta_title_alignment":"","neve_meta_author_avatar":"","neve_post_elements_order":"","neve_meta_disable_header":"","neve_meta_disable_footer":"","neve_meta_disable_title":""},"uagb_featured_image_src":{"full":false,"thumbnail":false,"medium":false,"medium_large":false,"large":false,"1536x1536":false,"2048x2048":false,"neve-blog":false},"uagb_author_info":{"display_name":"admin2184","author_link":"https:\/\/www.brunopublicite.fr\/index.php\/author\/admin2184\/"},"uagb_comment_info":0,"uagb_excerpt":"Panneaux Enseignes D\u00e9coupe Impression V\u00e9hicules Accueil Contact R\u00e9alisations D\u00e9coration de v\u00e9hicules \u2013 R\u00c9ALISATION DE LA MAQUETTE\u2013 FABRICATION\u2013 FOURNITURE SOUS FORME DE KIT PRET A POSER\u2013 POSE PAR NOS SOINS Pour toutes vos questions concernant vos futures r\u00e9alisations utilisez la rubrique Contact ou envoyez nous un mail \u00e0 bruno@brunopublicite.fr Pr\u00e9c\u00e9dent Suivant","yoast_head":"<!-- This site is optimized with the Yoast SEO plugin v15.9.2 - https:\/\/yoast.com\/wordpress\/plugins\/seo\/ -->\n<title>D\u00e9coration de v\u00e9hicules - Bruno Publicit\u00e9<\/title>\n<link rel=\"canonical\" href=\"https:\/\/www.brunopublicite.fr\/index.php\/decoration-de-vehicules\/\" \/>\n<meta property=\"og:locale\" content=\"en_US\" \/>\n<meta property=\"og:type\" content=\"article\" \/>\n<meta property=\"og:title\" content=\"D\u00e9coration de v\u00e9hicules - Bruno Publicit\u00e9\" \/>\n<meta property=\"og:description\" content=\"Panneaux Enseignes D\u00e9coupe Impression V\u00e9hicules Accueil Contact R\u00e9alisations D\u00e9coration de v\u00e9hicules \u2013 R\u00c9ALISATION DE LA MAQUETTE\u2013 FABRICATION\u2013 FOURNITURE SOUS FORME DE KIT PRET A POSER\u2013 POSE PAR NOS SOINS Pour toutes vos questions concernant vos futures r\u00e9alisations utilisez la rubrique Contact ou envoyez nous un mail \u00e0 bruno@brunopublicite.fr Pr\u00e9c\u00e9dent Suivant\" \/>\n<meta property=\"og:url\" content=\"https:\/\/www.brunopublicite.fr\/index.php\/decoration-de-vehicules\/\" \/>\n<meta property=\"og:site_name\" content=\"Bruno Publicit\u00e9\" \/>\n<meta property=\"article:modified_time\" content=\"2021-06-14T08:16:17+00:00\" \/>\n<meta property=\"og:image\" content=\"http:\/\/www.brunopublicite.fr\/wp-content\/uploads\/elementor\/thumbs\/20210604_170953-scaled-p8n8cahh8p19tv3dqhz6p094pbnvofm6ln6oqco2ok.jpg\" \/>\n<meta name=\"twitter:card\" content=\"summary_large_image\" \/>\n<meta name=\"twitter:label1\" content=\"Est. reading time\">\n\t<meta name=\"twitter:data1\" content=\"2 minutes\">\n<script type=\"application\/ld+json\" class=\"yoast-schema-graph\">{\"@context\":\"https:\/\/schema.org\",\"@graph\":[{\"@type\":\"WebSite\",\"@id\":\"https:\/\/www.brunopublicite.fr\/#website\",\"url\":\"https:\/\/www.brunopublicite.fr\/\",\"name\":\"Bruno Publicit\\u00e9\",\"description\":\"Partenaire de votre communication visuelle\",\"potentialAction\":[{\"@type\":\"SearchAction\",\"target\":\"https:\/\/www.brunopublicite.fr\/?s={search_term_string}\",\"query-input\":\"required name=search_term_string\"}],\"inLanguage\":\"en-US\"},{\"@type\":\"ImageObject\",\"@id\":\"https:\/\/www.brunopublicite.fr\/index.php\/decoration-de-vehicules\/#primaryimage\",\"inLanguage\":\"en-US\",\"url\":\"http:\/\/www.brunopublicite.fr\/wp-content\/uploads\/elementor\/thumbs\/20210604_170953-scaled-p8n8cahh8p19tv3dqhz6p094pbnvofm6ln6oqco2ok.jpg\"},{\"@type\":\"WebPage\",\"@id\":\"https:\/\/www.brunopublicite.fr\/index.php\/decoration-de-vehicules\/#webpage\",\"url\":\"https:\/\/www.brunopublicite.fr\/index.php\/decoration-de-vehicules\/\",\"name\":\"D\\u00e9coration de v\\u00e9hicules - Bruno Publicit\\u00e9\",\"isPartOf\":{\"@id\":\"https:\/\/www.brunopublicite.fr\/#website\"},\"primaryImageOfPage\":{\"@id\":\"https:\/\/www.brunopublicite.fr\/index.php\/decoration-de-vehicules\/#primaryimage\"},\"datePublished\":\"2021-03-10T19:40:51+00:00\",\"dateModified\":\"2021-06-14T08:16:17+00:00\",\"breadcrumb\":{\"@id\":\"https:\/\/www.brunopublicite.fr\/index.php\/decoration-de-vehicules\/#breadcrumb\"},\"inLanguage\":\"en-US\",\"potentialAction\":[{\"@type\":\"ReadAction\",\"target\":[\"https:\/\/www.brunopublicite.fr\/index.php\/decoration-de-vehicules\/\"]}]},{\"@type\":\"BreadcrumbList\",\"@id\":\"https:\/\/www.brunopublicite.fr\/index.php\/decoration-de-vehicules\/#breadcrumb\",\"itemListElement\":[{\"@type\":\"ListItem\",\"position\":1,\"item\":{\"@type\":\"WebPage\",\"@id\":\"https:\/\/www.brunopublicite.fr\/\",\"url\":\"https:\/\/www.brunopublicite.fr\/\",\"name\":\"Accueil\"}},{\"@type\":\"ListItem\",\"position\":2,\"item\":{\"@type\":\"WebPage\",\"@id\":\"https:\/\/www.brunopublicite.fr\/index.php\/decoration-de-vehicules\/\",\"url\":\"https:\/\/www.brunopublicite.fr\/index.php\/decoration-de-vehicules\/\",\"name\":\"D\\u00e9coration de v\\u00e9hicules\"}}]}]}<\/script>\n<!-- \/ Yoast SEO plugin. -->","_links":{"self":[{"href":"https:\/\/www.brunopublicite.fr\/index.php\/wp-json\/wp\/v2\/pages\/775"}],"collection":[{"href":"https:\/\/www.brunopublicite.fr\/index.php\/wp-json\/wp\/v2\/pages"}],"about":[{"href":"https:\/\/www.brunopublicite.fr\/index.php\/wp-json\/wp\/v2\/types\/page"}],"author":[{"embeddable":true,"href":"https:\/\/www.brunopublicite.fr\/index.php\/wp-json\/wp\/v2\/users\/1"}],"replies":[{"embeddable":true,"href":"https:\/\/www.brunopublicite.fr\/index.php\/wp-json\/wp\/v2\/comments?post=775"}],"version-history":[{"count":72,"href":"https:\/\/www.brunopublicite.fr\/index.php\/wp-json\/wp\/v2\/pages\/775\/revisions"}],"predecessor-version":[{"id":1206,"href":"https:\/\/www.brunopublicite.fr\/index.php\/wp-json\/wp\/v2\/pages\/775\/revisions\/1206"}],"wp:attachment":[{"href":"https:\/\/www.brunopublicite.fr\/index.php\/wp-json\/wp\/v2\/media?parent=775"}],"curies":[{"name":"wp","href":"https:\/\/api.w.org\/{rel}","templated":true}]}}