{"id":770,"date":"2021-03-10T20:39:30","date_gmt":"2021-03-10T19:39:30","guid":{"rendered":"http:\/\/www.brunopublicite.fr\/?page_id=770"},"modified":"2021-05-25T14:06:51","modified_gmt":"2021-05-25T12:06:51","slug":"les-enseignes","status":"publish","type":"page","link":"https:\/\/www.brunopublicite.fr\/index.php\/les-enseignes\/","title":{"rendered":"Les enseignes"},"content":{"rendered":"\t\t<div data-elementor-type=\"wp-page\" data-elementor-id=\"770\" class=\"elementor elementor-770\" data-elementor-settings=\"[]\">\n\t\t\t\t\t\t\t<div class=\"elementor-section-wrap\">\n\t\t\t\t\t\t\t<section class=\"elementor-section elementor-top-section elementor-element elementor-element-4569869 elementor-section-boxed elementor-section-height-default elementor-section-height-default\" data-id=\"4569869\" data-element_type=\"section\">\n\t\t\t\t\t\t<div class=\"elementor-container elementor-column-gap-default\">\n\t\t\t\t\t<div class=\"elementor-column elementor-col-12 elementor-top-column elementor-element elementor-element-45ec646\" data-id=\"45ec646\" data-element_type=\"column\" data-settings=\"{&quot;background_background&quot;:&quot;classic&quot;}\">\n\t\t\t<div class=\"elementor-widget-wrap elementor-element-populated\">\n\t\t\t\t\t\t\t\t<div class=\"elementor-element elementor-element-50c6b6c elementor-widget elementor-widget-heading\" data-id=\"50c6b6c\" data-element_type=\"widget\" data-widget_type=\"heading.default\">\n\t\t\t\t<div class=\"elementor-widget-container\">\n\t\t\t<h2 class=\"elementor-heading-title elementor-size-medium\"><a href=\"http:\/\/www.brunopublicite.fr\/index.php\/panneaux\/\">Panneaux<\/a><\/h2>\t\t<\/div>\n\t\t\t\t<\/div>\n\t\t\t\t\t<\/div>\n\t\t<\/div>\n\t\t\t\t<div class=\"elementor-column elementor-col-12 elementor-top-column elementor-element elementor-element-f0d31ff\" data-id=\"f0d31ff\" data-element_type=\"column\" data-settings=\"{&quot;background_background&quot;:&quot;classic&quot;}\">\n\t\t\t<div class=\"elementor-widget-wrap elementor-element-populated\">\n\t\t\t\t\t\t\t\t<div class=\"elementor-element elementor-element-814a237 elementor-widget elementor-widget-heading\" data-id=\"814a237\" data-element_type=\"widget\" data-widget_type=\"heading.default\">\n\t\t\t\t<div class=\"elementor-widget-container\">\n\t\t\t<h2 class=\"elementor-heading-title elementor-size-medium\"><a href=\"http:\/\/www.brunopublicite.fr\/index.php\/les-enseignes\/\">Enseignes<\/a><\/h2>\t\t<\/div>\n\t\t\t\t<\/div>\n\t\t\t\t\t<\/div>\n\t\t<\/div>\n\t\t\t\t<div class=\"elementor-column elementor-col-12 elementor-top-column elementor-element elementor-element-8d2cda7\" data-id=\"8d2cda7\" data-element_type=\"column\" data-settings=\"{&quot;background_background&quot;:&quot;classic&quot;}\">\n\t\t\t<div class=\"elementor-widget-wrap elementor-element-populated\">\n\t\t\t\t\t\t\t\t<div class=\"elementor-element elementor-element-4de9dfe elementor-widget elementor-widget-heading\" data-id=\"4de9dfe\" data-element_type=\"widget\" data-widget_type=\"heading.default\">\n\t\t\t\t<div class=\"elementor-widget-container\">\n\t\t\t<h2 class=\"elementor-heading-title elementor-size-medium\"><a href=\"http:\/\/www.brunopublicite.fr\/index.php\/la-decoupe\/\">D\u00e9coupe<\/a><\/h2>\t\t<\/div>\n\t\t\t\t<\/div>\n\t\t\t\t\t<\/div>\n\t\t<\/div>\n\t\t\t\t<div class=\"elementor-column elementor-col-12 elementor-top-column elementor-element elementor-element-03c163c\" data-id=\"03c163c\" data-element_type=\"column\" data-settings=\"{&quot;background_background&quot;:&quot;classic&quot;}\">\n\t\t\t<div class=\"elementor-widget-wrap elementor-element-populated\">\n\t\t\t\t\t\t\t\t<div class=\"elementor-element elementor-element-bd166c8 elementor-widget elementor-widget-heading\" data-id=\"bd166c8\" data-element_type=\"widget\" data-widget_type=\"heading.default\">\n\t\t\t\t<div class=\"elementor-widget-container\">\n\t\t\t<h2 class=\"elementor-heading-title elementor-size-medium\"><a href=\"http:\/\/www.brunopublicite.fr\/index.php\/impression\/\">Impression<\/a><\/h2>\t\t<\/div>\n\t\t\t\t<\/div>\n\t\t\t\t\t<\/div>\n\t\t<\/div>\n\t\t\t\t<div class=\"elementor-column elementor-col-12 elementor-top-column elementor-element elementor-element-df57d5a\" data-id=\"df57d5a\" data-element_type=\"column\" data-settings=\"{&quot;background_background&quot;:&quot;classic&quot;}\">\n\t\t\t<div class=\"elementor-widget-wrap elementor-element-populated\">\n\t\t\t\t\t\t\t\t<div class=\"elementor-element elementor-element-5b1f3e8 elementor-widget elementor-widget-heading\" data-id=\"5b1f3e8\" data-element_type=\"widget\" data-widget_type=\"heading.default\">\n\t\t\t\t<div class=\"elementor-widget-container\">\n\t\t\t<h2 class=\"elementor-heading-title elementor-size-medium\"><a href=\"http:\/\/www.brunopublicite.fr\/index.php\/decoration-de-vehicules\/\">V\u00e9hicules<\/a><\/h2>\t\t<\/div>\n\t\t\t\t<\/div>\n\t\t\t\t\t<\/div>\n\t\t<\/div>\n\t\t\t\t<div class=\"elementor-column elementor-col-12 elementor-top-column elementor-element elementor-element-2419df2\" data-id=\"2419df2\" data-element_type=\"column\" data-settings=\"{&quot;background_background&quot;:&quot;classic&quot;}\">\n\t\t\t<div class=\"elementor-widget-wrap elementor-element-populated\">\n\t\t\t\t\t\t\t\t<div class=\"elementor-element elementor-element-0d41365 elementor-widget elementor-widget-heading\" data-id=\"0d41365\" data-element_type=\"widget\" data-widget_type=\"heading.default\">\n\t\t\t\t<div class=\"elementor-widget-container\">\n\t\t\t<h2 class=\"elementor-heading-title elementor-size-medium\"><a href=\"http:\/\/brunopublicite.fr\/\">Accueil<\/a><\/h2>\t\t<\/div>\n\t\t\t\t<\/div>\n\t\t\t\t\t<\/div>\n\t\t<\/div>\n\t\t\t\t<div class=\"elementor-column elementor-col-12 elementor-top-column elementor-element elementor-element-732c012\" data-id=\"732c012\" data-element_type=\"column\" data-settings=\"{&quot;background_background&quot;:&quot;classic&quot;}\">\n\t\t\t<div class=\"elementor-widget-wrap elementor-element-populated\">\n\t\t\t\t\t\t\t\t<div class=\"elementor-element elementor-element-3c8fb03 elementor-widget elementor-widget-heading\" data-id=\"3c8fb03\" data-element_type=\"widget\" data-widget_type=\"heading.default\">\n\t\t\t\t<div class=\"elementor-widget-container\">\n\t\t\t<h2 class=\"elementor-heading-title elementor-size-medium\"><a href=\"http:\/\/www.brunopublicite.fr\/index.php\/contact\/\">Contact<\/a><\/h2>\t\t<\/div>\n\t\t\t\t<\/div>\n\t\t\t\t\t<\/div>\n\t\t<\/div>\n\t\t\t\t<div class=\"elementor-column elementor-col-12 elementor-top-column elementor-element elementor-element-401e6a5\" data-id=\"401e6a5\" data-element_type=\"column\" data-settings=\"{&quot;background_background&quot;:&quot;classic&quot;}\">\n\t\t\t<div class=\"elementor-widget-wrap elementor-element-populated\">\n\t\t\t\t\t\t\t\t<div class=\"elementor-element elementor-element-eefc8d0 elementor-widget elementor-widget-heading\" data-id=\"eefc8d0\" data-element_type=\"widget\" data-widget_type=\"heading.default\">\n\t\t\t\t<div class=\"elementor-widget-container\">\n\t\t\t<h2 class=\"elementor-heading-title elementor-size-medium\"><a href=\"http:\/\/www.brunopublicite.fr\/index.php\/nos-realisations\/\">R\u00e9alisations<\/a><\/h2>\t\t<\/div>\n\t\t\t\t<\/div>\n\t\t\t\t\t<\/div>\n\t\t<\/div>\n\t\t\t\t\t\t\t<\/div>\n\t\t<\/section>\n\t\t\t\t<section class=\"elementor-section elementor-top-section elementor-element elementor-element-3ebdf04 elementor-section-boxed elementor-section-height-default elementor-section-height-default\" data-id=\"3ebdf04\" data-element_type=\"section\">\n\t\t\t\t\t\t<div class=\"elementor-container elementor-column-gap-default\">\n\t\t\t\t\t<div class=\"elementor-column elementor-col-100 elementor-top-column elementor-element elementor-element-8a38ab1\" data-id=\"8a38ab1\" data-element_type=\"column\">\n\t\t\t<div class=\"elementor-widget-wrap elementor-element-populated\">\n\t\t\t\t\t\t\t\t<div class=\"elementor-element elementor-element-34fae7f elementor-widget elementor-widget-heading\" data-id=\"34fae7f\" data-element_type=\"widget\" data-widget_type=\"heading.default\">\n\t\t\t\t<div class=\"elementor-widget-container\">\n\t\t\t<h2 class=\"elementor-heading-title elementor-size-default\">Les Enseignes<\/h2>\t\t<\/div>\n\t\t\t\t<\/div>\n\t\t\t\t\t<\/div>\n\t\t<\/div>\n\t\t\t\t\t\t\t<\/div>\n\t\t<\/section>\n\t\t\t\t<section class=\"elementor-section elementor-top-section elementor-element elementor-element-4dc9c92 elementor-section-boxed elementor-section-height-default elementor-section-height-default\" data-id=\"4dc9c92\" data-element_type=\"section\">\n\t\t\t\t\t\t<div class=\"elementor-container elementor-column-gap-default\">\n\t\t\t\t\t<div class=\"elementor-column elementor-col-100 elementor-top-column elementor-element elementor-element-b3abebe\" data-id=\"b3abebe\" data-element_type=\"column\">\n\t\t\t<div class=\"elementor-widget-wrap elementor-element-populated\">\n\t\t\t\t\t\t\t\t<div class=\"elementor-element elementor-element-fbc91a2 elementor-widget elementor-widget-text-editor\" data-id=\"fbc91a2\" data-element_type=\"widget\" data-widget_type=\"text-editor.default\">\n\t\t\t\t<div class=\"elementor-widget-container\">\n\t\t\t\t\t<div class=\"elementor-text-editor elementor-clearfix\"><p>R\u00e9alisation d\u2019ENSEIGNES<\/p><p>\u2013 SIMPLE FACE<br \/>\u2013 DOUBLE FACE ou DRAPEAU<br \/>\u2013 \u00c9CLAIRAGE uniquement sur demande<\/p><\/div>\n\t\t\t\t<\/div>\n\t\t\t\t<\/div>\n\t\t\t\t\t<\/div>\n\t\t<\/div>\n\t\t\t\t\t\t\t<\/div>\n\t\t<\/section>\n\t\t\t\t<section class=\"elementor-section elementor-top-section elementor-element elementor-element-84c5a4c elementor-section-boxed elementor-section-height-default elementor-section-height-default\" data-id=\"84c5a4c\" data-element_type=\"section\">\n\t\t\t\t\t\t<div class=\"elementor-container elementor-column-gap-default\">\n\t\t\t\t\t<div class=\"elementor-column elementor-col-100 elementor-top-column elementor-element elementor-element-50c5a88\" data-id=\"50c5a88\" data-element_type=\"column\">\n\t\t\t<div class=\"elementor-widget-wrap elementor-element-populated\">\n\t\t\t\t\t\t\t\t<div class=\"elementor-element elementor-element-09714b7 elementor-fixed elementor-widget elementor-widget-text-editor\" data-id=\"09714b7\" data-element_type=\"widget\" data-settings=\"{&quot;_position&quot;:&quot;fixed&quot;}\" data-widget_type=\"text-editor.default\">\n\t\t\t\t<div class=\"elementor-widget-container\">\n\t\t\t\t\t<div class=\"elementor-text-editor elementor-clearfix\"><strong>Pour toutes vos questions concernant vos futures r\u00e9alisations utilisez la rubrique <span style=\"color: #ff6600;\"><a style=\"color: #ff6600;\" href=\"http:\/\/www.brunopublicite.fr\/index.php\/contact\/\">Contact<\/a> <\/span>ou envoyez nous un mail \u00e0\n<\/strong>\n<h2><span style=\"color: #0000ff;\"><a style=\"color: #0000ff;\" href=\"mailto:bruno@brunopublicite.fr\">bruno@brunopublicite.fr<\/a><\/span><\/h2><\/div>\n\t\t\t\t<\/div>\n\t\t\t\t<\/div>\n\t\t\t\t\t<\/div>\n\t\t<\/div>\n\t\t\t\t\t\t\t<\/div>\n\t\t<\/section>\n\t\t\t\t\t\t<\/div>\n\t\t\t\t\t<\/div>\n\t\t","protected":false},"excerpt":{"rendered":"<p>Panneaux Enseignes D\u00e9coupe Impression V\u00e9hicules Accueil Contact R\u00e9alisations Les Enseignes R\u00e9alisation d\u2019ENSEIGNES \u2013 SIMPLE FACE\u2013 DOUBLE FACE ou DRAPEAU\u2013 \u00c9CLAIRAGE uniquement sur demande Pour toutes vos questions concernant vos futures r\u00e9alisations utilisez la rubrique Contact ou envoyez nous un mail \u00e0 bruno@brunopublicite.fr<\/p>\n","protected":false},"author":1,"featured_media":0,"parent":0,"menu_order":0,"comment_status":"closed","ping_status":"closed","template":"page-templates\/template-pagebuilder-full-width.php","meta":{"neve_meta_sidebar":"full-width","neve_meta_container":"","neve_meta_enable_content_width":"on","neve_meta_content_width":100,"neve_meta_title_alignment":"","neve_meta_author_avatar":"","neve_post_elements_order":"","neve_meta_disable_header":"","neve_meta_disable_footer":"","neve_meta_disable_title":""},"uagb_featured_image_src":{"full":false,"thumbnail":false,"medium":false,"medium_large":false,"large":false,"1536x1536":false,"2048x2048":false,"neve-blog":false},"uagb_author_info":{"display_name":"admin2184","author_link":"https:\/\/www.brunopublicite.fr\/index.php\/author\/admin2184\/"},"uagb_comment_info":0,"uagb_excerpt":"Panneaux Enseignes D\u00e9coupe Impression V\u00e9hicules Accueil Contact R\u00e9alisations Les Enseignes R\u00e9alisation d\u2019ENSEIGNES \u2013 SIMPLE FACE\u2013 DOUBLE FACE ou DRAPEAU\u2013 \u00c9CLAIRAGE uniquement sur demande Pour toutes vos questions concernant vos futures r\u00e9alisations utilisez la rubrique Contact ou envoyez nous un mail \u00e0 bruno@brunopublicite.fr","yoast_head":"<!-- This site is optimized with the Yoast SEO plugin v15.9.2 - https:\/\/yoast.com\/wordpress\/plugins\/seo\/ -->\n<title>Les enseignes - Bruno Publicit\u00e9<\/title>\n<link rel=\"canonical\" href=\"https:\/\/www.brunopublicite.fr\/index.php\/les-enseignes\/\" \/>\n<meta property=\"og:locale\" content=\"en_US\" \/>\n<meta property=\"og:type\" content=\"article\" \/>\n<meta property=\"og:title\" content=\"Les enseignes - Bruno Publicit\u00e9\" \/>\n<meta property=\"og:description\" content=\"Panneaux Enseignes D\u00e9coupe Impression V\u00e9hicules Accueil Contact R\u00e9alisations Les Enseignes R\u00e9alisation d\u2019ENSEIGNES \u2013 SIMPLE FACE\u2013 DOUBLE FACE ou DRAPEAU\u2013 \u00c9CLAIRAGE uniquement sur demande Pour toutes vos questions concernant vos futures r\u00e9alisations utilisez la rubrique Contact ou envoyez nous un mail \u00e0 bruno@brunopublicite.fr\" \/>\n<meta property=\"og:url\" content=\"https:\/\/www.brunopublicite.fr\/index.php\/les-enseignes\/\" \/>\n<meta property=\"og:site_name\" content=\"Bruno Publicit\u00e9\" \/>\n<meta property=\"article:modified_time\" content=\"2021-05-25T12:06:51+00:00\" \/>\n<meta name=\"twitter:card\" content=\"summary_large_image\" \/>\n<meta name=\"twitter:label1\" content=\"Est. reading time\">\n\t<meta name=\"twitter:data1\" content=\"1 minute\">\n<script type=\"application\/ld+json\" class=\"yoast-schema-graph\">{\"@context\":\"https:\/\/schema.org\",\"@graph\":[{\"@type\":\"WebSite\",\"@id\":\"https:\/\/www.brunopublicite.fr\/#website\",\"url\":\"https:\/\/www.brunopublicite.fr\/\",\"name\":\"Bruno Publicit\\u00e9\",\"description\":\"Partenaire de votre communication visuelle\",\"potentialAction\":[{\"@type\":\"SearchAction\",\"target\":\"https:\/\/www.brunopublicite.fr\/?s={search_term_string}\",\"query-input\":\"required name=search_term_string\"}],\"inLanguage\":\"en-US\"},{\"@type\":\"WebPage\",\"@id\":\"https:\/\/www.brunopublicite.fr\/index.php\/les-enseignes\/#webpage\",\"url\":\"https:\/\/www.brunopublicite.fr\/index.php\/les-enseignes\/\",\"name\":\"Les enseignes - Bruno Publicit\\u00e9\",\"isPartOf\":{\"@id\":\"https:\/\/www.brunopublicite.fr\/#website\"},\"datePublished\":\"2021-03-10T19:39:30+00:00\",\"dateModified\":\"2021-05-25T12:06:51+00:00\",\"breadcrumb\":{\"@id\":\"https:\/\/www.brunopublicite.fr\/index.php\/les-enseignes\/#breadcrumb\"},\"inLanguage\":\"en-US\",\"potentialAction\":[{\"@type\":\"ReadAction\",\"target\":[\"https:\/\/www.brunopublicite.fr\/index.php\/les-enseignes\/\"]}]},{\"@type\":\"BreadcrumbList\",\"@id\":\"https:\/\/www.brunopublicite.fr\/index.php\/les-enseignes\/#breadcrumb\",\"itemListElement\":[{\"@type\":\"ListItem\",\"position\":1,\"item\":{\"@type\":\"WebPage\",\"@id\":\"https:\/\/www.brunopublicite.fr\/\",\"url\":\"https:\/\/www.brunopublicite.fr\/\",\"name\":\"Accueil\"}},{\"@type\":\"ListItem\",\"position\":2,\"item\":{\"@type\":\"WebPage\",\"@id\":\"https:\/\/www.brunopublicite.fr\/index.php\/les-enseignes\/\",\"url\":\"https:\/\/www.brunopublicite.fr\/index.php\/les-enseignes\/\",\"name\":\"Les enseignes\"}}]}]}<\/script>\n<!-- \/ Yoast SEO plugin. -->","_links":{"self":[{"href":"https:\/\/www.brunopublicite.fr\/index.php\/wp-json\/wp\/v2\/pages\/770"}],"collection":[{"href":"https:\/\/www.brunopublicite.fr\/index.php\/wp-json\/wp\/v2\/pages"}],"about":[{"href":"https:\/\/www.brunopublicite.fr\/index.php\/wp-json\/wp\/v2\/types\/page"}],"author":[{"embeddable":true,"href":"https:\/\/www.brunopublicite.fr\/index.php\/wp-json\/wp\/v2\/users\/1"}],"replies":[{"embeddable":true,"href":"https:\/\/www.brunopublicite.fr\/index.php\/wp-json\/wp\/v2\/comments?post=770"}],"version-history":[{"count":40,"href":"https:\/\/www.brunopublicite.fr\/index.php\/wp-json\/wp\/v2\/pages\/770\/revisions"}],"predecessor-version":[{"id":1152,"href":"https:\/\/www.brunopublicite.fr\/index.php\/wp-json\/wp\/v2\/pages\/770\/revisions\/1152"}],"wp:attachment":[{"href":"https:\/\/www.brunopublicite.fr\/index.php\/wp-json\/wp\/v2\/media?parent=770"}],"curies":[{"name":"wp","href":"https:\/\/api.w.org\/{rel}","templated":true}]}}