{"id":755,"date":"2021-03-10T20:29:32","date_gmt":"2021-03-10T19:29:32","guid":{"rendered":"http:\/\/www.brunopublicite.fr\/?page_id=755"},"modified":"2021-05-25T14:06:27","modified_gmt":"2021-05-25T12:06:27","slug":"la-decoupe","status":"publish","type":"page","link":"https:\/\/www.brunopublicite.fr\/index.php\/la-decoupe\/","title":{"rendered":"La d\u00e9coupe"},"content":{"rendered":"\t\t<div data-elementor-type=\"wp-page\" data-elementor-id=\"755\" class=\"elementor elementor-755\" data-elementor-settings=\"[]\">\n\t\t\t\t\t\t\t<div class=\"elementor-section-wrap\">\n\t\t\t\t\t\t\t<section class=\"elementor-section elementor-top-section elementor-element elementor-element-b2f70c8 elementor-section-boxed elementor-section-height-default elementor-section-height-default\" data-id=\"b2f70c8\" data-element_type=\"section\">\n\t\t\t\t\t\t<div class=\"elementor-container elementor-column-gap-default\">\n\t\t\t\t\t<div class=\"elementor-column elementor-col-12 elementor-top-column elementor-element elementor-element-9722f72\" data-id=\"9722f72\" data-element_type=\"column\" data-settings=\"{&quot;background_background&quot;:&quot;classic&quot;}\">\n\t\t\t<div class=\"elementor-widget-wrap elementor-element-populated\">\n\t\t\t\t\t\t\t\t<div class=\"elementor-element elementor-element-2d73d30 elementor-widget elementor-widget-heading\" data-id=\"2d73d30\" data-element_type=\"widget\" data-widget_type=\"heading.default\">\n\t\t\t\t<div class=\"elementor-widget-container\">\n\t\t\t<h2 class=\"elementor-heading-title elementor-size-medium\"><a href=\"http:\/\/www.brunopublicite.fr\/index.php\/panneaux\/\">Panneaux<\/a><\/h2>\t\t<\/div>\n\t\t\t\t<\/div>\n\t\t\t\t\t<\/div>\n\t\t<\/div>\n\t\t\t\t<div class=\"elementor-column elementor-col-12 elementor-top-column elementor-element elementor-element-1fdc762\" data-id=\"1fdc762\" data-element_type=\"column\" data-settings=\"{&quot;background_background&quot;:&quot;classic&quot;}\">\n\t\t\t<div class=\"elementor-widget-wrap elementor-element-populated\">\n\t\t\t\t\t\t\t\t<div class=\"elementor-element elementor-element-6dbeb38 elementor-widget elementor-widget-heading\" data-id=\"6dbeb38\" data-element_type=\"widget\" data-widget_type=\"heading.default\">\n\t\t\t\t<div class=\"elementor-widget-container\">\n\t\t\t<h2 class=\"elementor-heading-title elementor-size-medium\"><a href=\"http:\/\/www.brunopublicite.fr\/index.php\/les-enseignes\/\">Enseignes<\/a><\/h2>\t\t<\/div>\n\t\t\t\t<\/div>\n\t\t\t\t\t<\/div>\n\t\t<\/div>\n\t\t\t\t<div class=\"elementor-column elementor-col-12 elementor-top-column elementor-element elementor-element-62bc48a\" data-id=\"62bc48a\" data-element_type=\"column\" data-settings=\"{&quot;background_background&quot;:&quot;classic&quot;}\">\n\t\t\t<div class=\"elementor-widget-wrap elementor-element-populated\">\n\t\t\t\t\t\t\t\t<div class=\"elementor-element elementor-element-aff16cd elementor-widget elementor-widget-heading\" data-id=\"aff16cd\" data-element_type=\"widget\" data-widget_type=\"heading.default\">\n\t\t\t\t<div class=\"elementor-widget-container\">\n\t\t\t<h2 class=\"elementor-heading-title elementor-size-medium\"><a href=\"http:\/\/www.brunopublicite.fr\/index.php\/la-decoupe\/\">D\u00e9coupe<\/a><\/h2>\t\t<\/div>\n\t\t\t\t<\/div>\n\t\t\t\t\t<\/div>\n\t\t<\/div>\n\t\t\t\t<div class=\"elementor-column elementor-col-12 elementor-top-column elementor-element elementor-element-192b21f\" data-id=\"192b21f\" data-element_type=\"column\" data-settings=\"{&quot;background_background&quot;:&quot;classic&quot;}\">\n\t\t\t<div class=\"elementor-widget-wrap elementor-element-populated\">\n\t\t\t\t\t\t\t\t<div class=\"elementor-element elementor-element-487f152 elementor-widget elementor-widget-heading\" data-id=\"487f152\" data-element_type=\"widget\" data-widget_type=\"heading.default\">\n\t\t\t\t<div class=\"elementor-widget-container\">\n\t\t\t<h2 class=\"elementor-heading-title elementor-size-medium\"><a href=\"http:\/\/www.brunopublicite.fr\/index.php\/impression\/\">Impression<\/a><\/h2>\t\t<\/div>\n\t\t\t\t<\/div>\n\t\t\t\t\t<\/div>\n\t\t<\/div>\n\t\t\t\t<div class=\"elementor-column elementor-col-12 elementor-top-column elementor-element elementor-element-247f0fe\" data-id=\"247f0fe\" data-element_type=\"column\" data-settings=\"{&quot;background_background&quot;:&quot;classic&quot;}\">\n\t\t\t<div class=\"elementor-widget-wrap elementor-element-populated\">\n\t\t\t\t\t\t\t\t<div class=\"elementor-element elementor-element-448dd07 elementor-widget elementor-widget-heading\" data-id=\"448dd07\" data-element_type=\"widget\" data-widget_type=\"heading.default\">\n\t\t\t\t<div class=\"elementor-widget-container\">\n\t\t\t<h2 class=\"elementor-heading-title elementor-size-medium\"><a href=\"http:\/\/www.brunopublicite.fr\/index.php\/decoration-de-vehicules\/\">V\u00e9hicules<\/a><\/h2>\t\t<\/div>\n\t\t\t\t<\/div>\n\t\t\t\t\t<\/div>\n\t\t<\/div>\n\t\t\t\t<div class=\"elementor-column elementor-col-12 elementor-top-column elementor-element elementor-element-2bb4e00\" data-id=\"2bb4e00\" data-element_type=\"column\" data-settings=\"{&quot;background_background&quot;:&quot;classic&quot;}\">\n\t\t\t<div class=\"elementor-widget-wrap elementor-element-populated\">\n\t\t\t\t\t\t\t\t<div class=\"elementor-element elementor-element-2611341 elementor-widget elementor-widget-heading\" data-id=\"2611341\" data-element_type=\"widget\" data-widget_type=\"heading.default\">\n\t\t\t\t<div class=\"elementor-widget-container\">\n\t\t\t<h2 class=\"elementor-heading-title elementor-size-medium\"><a href=\"http:\/\/brunopublicite.fr\/\">Accueil<\/a><\/h2>\t\t<\/div>\n\t\t\t\t<\/div>\n\t\t\t\t\t<\/div>\n\t\t<\/div>\n\t\t\t\t<div class=\"elementor-column elementor-col-12 elementor-top-column elementor-element elementor-element-c3a00ee\" data-id=\"c3a00ee\" data-element_type=\"column\" data-settings=\"{&quot;background_background&quot;:&quot;classic&quot;}\">\n\t\t\t<div class=\"elementor-widget-wrap elementor-element-populated\">\n\t\t\t\t\t\t\t\t<div class=\"elementor-element elementor-element-b04cb72 elementor-widget elementor-widget-heading\" data-id=\"b04cb72\" data-element_type=\"widget\" data-widget_type=\"heading.default\">\n\t\t\t\t<div class=\"elementor-widget-container\">\n\t\t\t<h2 class=\"elementor-heading-title elementor-size-medium\"><a href=\"http:\/\/www.brunopublicite.fr\/index.php\/contact\/\">Contact<\/a><\/h2>\t\t<\/div>\n\t\t\t\t<\/div>\n\t\t\t\t\t<\/div>\n\t\t<\/div>\n\t\t\t\t<div class=\"elementor-column elementor-col-12 elementor-top-column elementor-element elementor-element-539917a\" data-id=\"539917a\" data-element_type=\"column\" data-settings=\"{&quot;background_background&quot;:&quot;classic&quot;}\">\n\t\t\t<div class=\"elementor-widget-wrap elementor-element-populated\">\n\t\t\t\t\t\t\t\t<div class=\"elementor-element elementor-element-2b31f25 elementor-widget elementor-widget-heading\" data-id=\"2b31f25\" data-element_type=\"widget\" data-widget_type=\"heading.default\">\n\t\t\t\t<div class=\"elementor-widget-container\">\n\t\t\t<h2 class=\"elementor-heading-title elementor-size-medium\"><a href=\"http:\/\/www.brunopublicite.fr\/index.php\/nos-realisations\/\">R\u00e9alisations<\/a><\/h2>\t\t<\/div>\n\t\t\t\t<\/div>\n\t\t\t\t\t<\/div>\n\t\t<\/div>\n\t\t\t\t\t\t\t<\/div>\n\t\t<\/section>\n\t\t\t\t<section class=\"elementor-section elementor-top-section elementor-element elementor-element-30e7c2d elementor-section-boxed elementor-section-height-default elementor-section-height-default\" data-id=\"30e7c2d\" data-element_type=\"section\">\n\t\t\t\t\t\t<div class=\"elementor-container elementor-column-gap-default\">\n\t\t\t\t\t<div class=\"elementor-column elementor-col-100 elementor-top-column elementor-element elementor-element-f24c964\" data-id=\"f24c964\" data-element_type=\"column\">\n\t\t\t<div class=\"elementor-widget-wrap elementor-element-populated\">\n\t\t\t\t\t\t\t\t<div class=\"elementor-element elementor-element-b6735b2 elementor-widget elementor-widget-heading\" data-id=\"b6735b2\" data-element_type=\"widget\" data-widget_type=\"heading.default\">\n\t\t\t\t<div class=\"elementor-widget-container\">\n\t\t\t<h2 class=\"elementor-heading-title elementor-size-default\">La D\u00e9coupe<\/h2>\t\t<\/div>\n\t\t\t\t<\/div>\n\t\t\t\t\t<\/div>\n\t\t<\/div>\n\t\t\t\t\t\t\t<\/div>\n\t\t<\/section>\n\t\t\t\t<section class=\"elementor-section elementor-top-section elementor-element elementor-element-2a888a8 elementor-section-boxed elementor-section-height-default elementor-section-height-default\" data-id=\"2a888a8\" data-element_type=\"section\">\n\t\t\t\t\t\t<div class=\"elementor-container elementor-column-gap-default\">\n\t\t\t\t\t<div class=\"elementor-column elementor-col-100 elementor-top-column elementor-element elementor-element-64c18e6\" data-id=\"64c18e6\" data-element_type=\"column\">\n\t\t\t<div class=\"elementor-widget-wrap elementor-element-populated\">\n\t\t\t\t\t\t\t\t<div class=\"elementor-element elementor-element-f25e50d elementor-widget elementor-widget-text-editor\" data-id=\"f25e50d\" data-element_type=\"widget\" data-widget_type=\"text-editor.default\">\n\t\t\t\t<div class=\"elementor-widget-container\">\n\t\t\t\t\t<div class=\"elementor-text-editor elementor-clearfix\"><p>\u2013 D\u00c9COUPE DE LETTRES OU LIGNES DE TEXTES<br \/>&#8211; D\u00c9COUPE DE VOS LOGOS<br \/>&#8211; ADHESIF TEINT\u00c9 MASSE ( grand choix de couleurs)<br \/>&#8211; FOURNIS avec TRANSFERT DE POSE pour une bonne application<\/p><\/div>\n\t\t\t\t<\/div>\n\t\t\t\t<\/div>\n\t\t\t\t\t<\/div>\n\t\t<\/div>\n\t\t\t\t\t\t\t<\/div>\n\t\t<\/section>\n\t\t\t\t<section class=\"elementor-section elementor-top-section elementor-element elementor-element-55a150c elementor-section-boxed elementor-section-height-default elementor-section-height-default\" data-id=\"55a150c\" data-element_type=\"section\">\n\t\t\t\t\t\t<div class=\"elementor-container elementor-column-gap-default\">\n\t\t\t\t\t<div class=\"elementor-column elementor-col-100 elementor-top-column elementor-element elementor-element-22a0325\" data-id=\"22a0325\" data-element_type=\"column\">\n\t\t\t<div class=\"elementor-widget-wrap elementor-element-populated\">\n\t\t\t\t\t\t\t\t<div class=\"elementor-element elementor-element-3e41540 elementor-fixed elementor-widget elementor-widget-text-editor\" data-id=\"3e41540\" data-element_type=\"widget\" data-settings=\"{&quot;_position&quot;:&quot;fixed&quot;}\" data-widget_type=\"text-editor.default\">\n\t\t\t\t<div class=\"elementor-widget-container\">\n\t\t\t\t\t<div class=\"elementor-text-editor elementor-clearfix\"><strong>Pour toutes vos questions concernant vos futures r\u00e9alisations utilisez la rubrique <span style=\"color: #ff6600;\"><a style=\"color: #ff6600;\" href=\"http:\/\/www.brunopublicite.fr\/index.php\/contact\/\">Contact<\/a> <\/span>ou envoyez nous un mail \u00e0\n<\/strong>\n<h2><span style=\"color: #0000ff;\"><a style=\"color: #0000ff;\" href=\"mailto:bruno@brunopublicite.fr\">bruno@brunopublicite.fr<\/a><\/span><\/h2><\/div>\n\t\t\t\t<\/div>\n\t\t\t\t<\/div>\n\t\t\t\t\t<\/div>\n\t\t<\/div>\n\t\t\t\t\t\t\t<\/div>\n\t\t<\/section>\n\t\t\t\t\t\t<\/div>\n\t\t\t\t\t<\/div>\n\t\t","protected":false},"excerpt":{"rendered":"<p>Panneaux Enseignes D\u00e9coupe Impression V\u00e9hicules Accueil Contact R\u00e9alisations La D\u00e9coupe \u2013 D\u00c9COUPE DE LETTRES OU LIGNES DE TEXTES&#8211; D\u00c9COUPE DE VOS LOGOS&#8211; ADHESIF TEINT\u00c9 MASSE ( grand choix de couleurs)&#8211; FOURNIS avec TRANSFERT DE POSE pour une bonne application Pour toutes vos questions concernant vos futures r\u00e9alisations utilisez la rubrique Contact ou envoyez nous un&hellip;&nbsp;<a href=\"https:\/\/www.brunopublicite.fr\/index.php\/la-decoupe\/\" class=\"\" rel=\"bookmark\">Read More &raquo;<span class=\"screen-reader-text\">La d\u00e9coupe<\/span><\/a><\/p>\n","protected":false},"author":1,"featured_media":0,"parent":0,"menu_order":0,"comment_status":"closed","ping_status":"closed","template":"page-templates\/template-pagebuilder-full-width.php","meta":{"neve_meta_sidebar":"full-width","neve_meta_container":"","neve_meta_enable_content_width":"on","neve_meta_content_width":100,"neve_meta_title_alignment":"","neve_meta_author_avatar":"","neve_post_elements_order":"","neve_meta_disable_header":"","neve_meta_disable_footer":"","neve_meta_disable_title":""},"uagb_featured_image_src":{"full":false,"thumbnail":false,"medium":false,"medium_large":false,"large":false,"1536x1536":false,"2048x2048":false,"neve-blog":false},"uagb_author_info":{"display_name":"admin2184","author_link":"https:\/\/www.brunopublicite.fr\/index.php\/author\/admin2184\/"},"uagb_comment_info":0,"uagb_excerpt":"Panneaux Enseignes D\u00e9coupe Impression V\u00e9hicules Accueil Contact R\u00e9alisations La D\u00e9coupe \u2013 D\u00c9COUPE DE LETTRES OU LIGNES DE TEXTES&#8211; D\u00c9COUPE DE VOS LOGOS&#8211; ADHESIF TEINT\u00c9 MASSE ( grand choix de couleurs)&#8211; FOURNIS avec TRANSFERT DE POSE pour une bonne application Pour toutes vos questions concernant vos futures r\u00e9alisations utilisez la rubrique Contact ou envoyez nous un&hellip;&nbsp;Read&hellip;","yoast_head":"<!-- This site is optimized with the Yoast SEO plugin v15.9.2 - https:\/\/yoast.com\/wordpress\/plugins\/seo\/ -->\n<title>La d\u00e9coupe - Bruno Publicit\u00e9<\/title>\n<link rel=\"canonical\" href=\"https:\/\/www.brunopublicite.fr\/index.php\/la-decoupe\/\" \/>\n<meta property=\"og:locale\" content=\"en_US\" \/>\n<meta property=\"og:type\" content=\"article\" \/>\n<meta property=\"og:title\" content=\"La d\u00e9coupe - Bruno Publicit\u00e9\" \/>\n<meta property=\"og:description\" content=\"Panneaux Enseignes D\u00e9coupe Impression V\u00e9hicules Accueil Contact R\u00e9alisations La D\u00e9coupe \u2013 D\u00c9COUPE DE LETTRES OU LIGNES DE TEXTES&#8211; D\u00c9COUPE DE VOS LOGOS&#8211; ADHESIF TEINT\u00c9 MASSE ( grand choix de couleurs)&#8211; FOURNIS avec TRANSFERT DE POSE pour une bonne application Pour toutes vos questions concernant vos futures r\u00e9alisations utilisez la rubrique Contact ou envoyez nous un&hellip;&nbsp;Read More &raquo;La d\u00e9coupe\" \/>\n<meta property=\"og:url\" content=\"https:\/\/www.brunopublicite.fr\/index.php\/la-decoupe\/\" \/>\n<meta property=\"og:site_name\" content=\"Bruno Publicit\u00e9\" \/>\n<meta property=\"article:modified_time\" content=\"2021-05-25T12:06:27+00:00\" \/>\n<meta name=\"twitter:card\" content=\"summary_large_image\" \/>\n<meta name=\"twitter:label1\" content=\"Est. reading time\">\n\t<meta name=\"twitter:data1\" content=\"1 minute\">\n<script type=\"application\/ld+json\" class=\"yoast-schema-graph\">{\"@context\":\"https:\/\/schema.org\",\"@graph\":[{\"@type\":\"WebSite\",\"@id\":\"https:\/\/www.brunopublicite.fr\/#website\",\"url\":\"https:\/\/www.brunopublicite.fr\/\",\"name\":\"Bruno Publicit\\u00e9\",\"description\":\"Partenaire de votre communication visuelle\",\"potentialAction\":[{\"@type\":\"SearchAction\",\"target\":\"https:\/\/www.brunopublicite.fr\/?s={search_term_string}\",\"query-input\":\"required name=search_term_string\"}],\"inLanguage\":\"en-US\"},{\"@type\":\"WebPage\",\"@id\":\"https:\/\/www.brunopublicite.fr\/index.php\/la-decoupe\/#webpage\",\"url\":\"https:\/\/www.brunopublicite.fr\/index.php\/la-decoupe\/\",\"name\":\"La d\\u00e9coupe - Bruno Publicit\\u00e9\",\"isPartOf\":{\"@id\":\"https:\/\/www.brunopublicite.fr\/#website\"},\"datePublished\":\"2021-03-10T19:29:32+00:00\",\"dateModified\":\"2021-05-25T12:06:27+00:00\",\"breadcrumb\":{\"@id\":\"https:\/\/www.brunopublicite.fr\/index.php\/la-decoupe\/#breadcrumb\"},\"inLanguage\":\"en-US\",\"potentialAction\":[{\"@type\":\"ReadAction\",\"target\":[\"https:\/\/www.brunopublicite.fr\/index.php\/la-decoupe\/\"]}]},{\"@type\":\"BreadcrumbList\",\"@id\":\"https:\/\/www.brunopublicite.fr\/index.php\/la-decoupe\/#breadcrumb\",\"itemListElement\":[{\"@type\":\"ListItem\",\"position\":1,\"item\":{\"@type\":\"WebPage\",\"@id\":\"https:\/\/www.brunopublicite.fr\/\",\"url\":\"https:\/\/www.brunopublicite.fr\/\",\"name\":\"Accueil\"}},{\"@type\":\"ListItem\",\"position\":2,\"item\":{\"@type\":\"WebPage\",\"@id\":\"https:\/\/www.brunopublicite.fr\/index.php\/la-decoupe\/\",\"url\":\"https:\/\/www.brunopublicite.fr\/index.php\/la-decoupe\/\",\"name\":\"La d\\u00e9coupe\"}}]}]}<\/script>\n<!-- \/ Yoast SEO plugin. -->","_links":{"self":[{"href":"https:\/\/www.brunopublicite.fr\/index.php\/wp-json\/wp\/v2\/pages\/755"}],"collection":[{"href":"https:\/\/www.brunopublicite.fr\/index.php\/wp-json\/wp\/v2\/pages"}],"about":[{"href":"https:\/\/www.brunopublicite.fr\/index.php\/wp-json\/wp\/v2\/types\/page"}],"author":[{"embeddable":true,"href":"https:\/\/www.brunopublicite.fr\/index.php\/wp-json\/wp\/v2\/users\/1"}],"replies":[{"embeddable":true,"href":"https:\/\/www.brunopublicite.fr\/index.php\/wp-json\/wp\/v2\/comments?post=755"}],"version-history":[{"count":37,"href":"https:\/\/www.brunopublicite.fr\/index.php\/wp-json\/wp\/v2\/pages\/755\/revisions"}],"predecessor-version":[{"id":1149,"href":"https:\/\/www.brunopublicite.fr\/index.php\/wp-json\/wp\/v2\/pages\/755\/revisions\/1149"}],"wp:attachment":[{"href":"https:\/\/www.brunopublicite.fr\/index.php\/wp-json\/wp\/v2\/media?parent=755"}],"curies":[{"name":"wp","href":"https:\/\/api.w.org\/{rel}","templated":true}]}}