{"id":661,"date":"2021-03-10T20:36:19","date_gmt":"2021-03-10T19:36:19","guid":{"rendered":"http:\/\/www.brunopublicite.fr\/?page_id=661"},"modified":"2021-06-26T10:08:52","modified_gmt":"2021-06-26T08:08:52","slug":"impression","status":"publish","type":"page","link":"https:\/\/www.brunopublicite.fr\/index.php\/impression\/","title":{"rendered":"Impression"},"content":{"rendered":"\t\t<div data-elementor-type=\"wp-page\" data-elementor-id=\"661\" class=\"elementor elementor-661\" data-elementor-settings=\"[]\">\n\t\t\t\t\t\t\t<div class=\"elementor-section-wrap\">\n\t\t\t\t\t\t\t<section class=\"elementor-section elementor-top-section elementor-element elementor-element-0275b6e elementor-section-boxed elementor-section-height-default elementor-section-height-default\" data-id=\"0275b6e\" data-element_type=\"section\">\n\t\t\t\t\t\t<div class=\"elementor-container elementor-column-gap-default\">\n\t\t\t\t\t<div class=\"elementor-column elementor-col-12 elementor-top-column elementor-element elementor-element-37f0a9a\" data-id=\"37f0a9a\" data-element_type=\"column\" data-settings=\"{&quot;background_background&quot;:&quot;classic&quot;}\">\n\t\t\t<div class=\"elementor-widget-wrap elementor-element-populated\">\n\t\t\t\t\t\t\t\t<div class=\"elementor-element elementor-element-ad3c8ae elementor-widget elementor-widget-heading\" data-id=\"ad3c8ae\" data-element_type=\"widget\" data-widget_type=\"heading.default\">\n\t\t\t\t<div class=\"elementor-widget-container\">\n\t\t\t<h2 class=\"elementor-heading-title elementor-size-medium\"><a href=\"http:\/\/www.brunopublicite.fr\/index.php\/panneaux\/\">Panneaux<\/a><\/h2>\t\t<\/div>\n\t\t\t\t<\/div>\n\t\t\t\t\t<\/div>\n\t\t<\/div>\n\t\t\t\t<div class=\"elementor-column elementor-col-12 elementor-top-column elementor-element elementor-element-5f0d76e\" data-id=\"5f0d76e\" data-element_type=\"column\" data-settings=\"{&quot;background_background&quot;:&quot;classic&quot;}\">\n\t\t\t<div class=\"elementor-widget-wrap elementor-element-populated\">\n\t\t\t\t\t\t\t\t<div class=\"elementor-element elementor-element-3bc29dc elementor-widget elementor-widget-heading\" data-id=\"3bc29dc\" data-element_type=\"widget\" data-widget_type=\"heading.default\">\n\t\t\t\t<div class=\"elementor-widget-container\">\n\t\t\t<h2 class=\"elementor-heading-title elementor-size-medium\"><a href=\"http:\/\/www.brunopublicite.fr\/index.php\/les-enseignes\/\">Enseignes<\/a><\/h2>\t\t<\/div>\n\t\t\t\t<\/div>\n\t\t\t\t\t<\/div>\n\t\t<\/div>\n\t\t\t\t<div class=\"elementor-column elementor-col-12 elementor-top-column elementor-element elementor-element-701f761\" data-id=\"701f761\" data-element_type=\"column\" data-settings=\"{&quot;background_background&quot;:&quot;classic&quot;}\">\n\t\t\t<div class=\"elementor-widget-wrap elementor-element-populated\">\n\t\t\t\t\t\t\t\t<div class=\"elementor-element elementor-element-15aad5a elementor-widget elementor-widget-heading\" data-id=\"15aad5a\" data-element_type=\"widget\" data-widget_type=\"heading.default\">\n\t\t\t\t<div class=\"elementor-widget-container\">\n\t\t\t<h2 class=\"elementor-heading-title elementor-size-medium\"><a href=\"http:\/\/www.brunopublicite.fr\/index.php\/la-decoupe\/\">D\u00e9coupe<\/a><\/h2>\t\t<\/div>\n\t\t\t\t<\/div>\n\t\t\t\t\t<\/div>\n\t\t<\/div>\n\t\t\t\t<div class=\"elementor-column elementor-col-12 elementor-top-column elementor-element elementor-element-af71619\" data-id=\"af71619\" data-element_type=\"column\" data-settings=\"{&quot;background_background&quot;:&quot;classic&quot;}\">\n\t\t\t<div class=\"elementor-widget-wrap elementor-element-populated\">\n\t\t\t\t\t\t\t\t<div class=\"elementor-element elementor-element-81be978 elementor-widget elementor-widget-heading\" data-id=\"81be978\" data-element_type=\"widget\" data-widget_type=\"heading.default\">\n\t\t\t\t<div class=\"elementor-widget-container\">\n\t\t\t<h2 class=\"elementor-heading-title elementor-size-medium\"><a href=\"http:\/\/www.brunopublicite.fr\/index.php\/impression\/\">Impression<\/a><\/h2>\t\t<\/div>\n\t\t\t\t<\/div>\n\t\t\t\t\t<\/div>\n\t\t<\/div>\n\t\t\t\t<div class=\"elementor-column elementor-col-12 elementor-top-column elementor-element elementor-element-0436e7c\" data-id=\"0436e7c\" data-element_type=\"column\" data-settings=\"{&quot;background_background&quot;:&quot;classic&quot;}\">\n\t\t\t<div class=\"elementor-widget-wrap elementor-element-populated\">\n\t\t\t\t\t\t\t\t<div class=\"elementor-element elementor-element-c3552f4 elementor-widget elementor-widget-heading\" data-id=\"c3552f4\" data-element_type=\"widget\" data-widget_type=\"heading.default\">\n\t\t\t\t<div class=\"elementor-widget-container\">\n\t\t\t<h2 class=\"elementor-heading-title elementor-size-medium\"><a href=\"http:\/\/www.brunopublicite.fr\/index.php\/decoration-de-vehicules\/\">V\u00e9hicules<\/a><\/h2>\t\t<\/div>\n\t\t\t\t<\/div>\n\t\t\t\t\t<\/div>\n\t\t<\/div>\n\t\t\t\t<div class=\"elementor-column elementor-col-12 elementor-top-column elementor-element elementor-element-dcb4841\" data-id=\"dcb4841\" data-element_type=\"column\" data-settings=\"{&quot;background_background&quot;:&quot;classic&quot;}\">\n\t\t\t<div class=\"elementor-widget-wrap elementor-element-populated\">\n\t\t\t\t\t\t\t\t<div class=\"elementor-element elementor-element-f15648e elementor-widget elementor-widget-heading\" data-id=\"f15648e\" data-element_type=\"widget\" data-widget_type=\"heading.default\">\n\t\t\t\t<div class=\"elementor-widget-container\">\n\t\t\t<h2 class=\"elementor-heading-title elementor-size-medium\"><a href=\"http:\/\/brunopublicite.fr\/\">Accueil<\/a><\/h2>\t\t<\/div>\n\t\t\t\t<\/div>\n\t\t\t\t\t<\/div>\n\t\t<\/div>\n\t\t\t\t<div class=\"elementor-column elementor-col-12 elementor-top-column elementor-element elementor-element-2122169\" data-id=\"2122169\" data-element_type=\"column\" data-settings=\"{&quot;background_background&quot;:&quot;classic&quot;}\">\n\t\t\t<div class=\"elementor-widget-wrap elementor-element-populated\">\n\t\t\t\t\t\t\t\t<div class=\"elementor-element elementor-element-b7b8f50 elementor-widget elementor-widget-heading\" data-id=\"b7b8f50\" data-element_type=\"widget\" data-widget_type=\"heading.default\">\n\t\t\t\t<div class=\"elementor-widget-container\">\n\t\t\t<h2 class=\"elementor-heading-title elementor-size-medium\"><a href=\"http:\/\/www.brunopublicite.fr\/index.php\/contact\/\">Contact<\/a><\/h2>\t\t<\/div>\n\t\t\t\t<\/div>\n\t\t\t\t\t<\/div>\n\t\t<\/div>\n\t\t\t\t<div class=\"elementor-column elementor-col-12 elementor-top-column elementor-element elementor-element-49a5ba7\" data-id=\"49a5ba7\" data-element_type=\"column\" data-settings=\"{&quot;background_background&quot;:&quot;classic&quot;}\">\n\t\t\t<div class=\"elementor-widget-wrap elementor-element-populated\">\n\t\t\t\t\t\t\t\t<div class=\"elementor-element elementor-element-5b9ef28 elementor-widget elementor-widget-heading\" data-id=\"5b9ef28\" data-element_type=\"widget\" data-widget_type=\"heading.default\">\n\t\t\t\t<div class=\"elementor-widget-container\">\n\t\t\t<h2 class=\"elementor-heading-title elementor-size-medium\"><a href=\"http:\/\/www.brunopublicite.fr\/index.php\/nos-realisations\/\">R\u00e9alisations<\/a><\/h2>\t\t<\/div>\n\t\t\t\t<\/div>\n\t\t\t\t\t<\/div>\n\t\t<\/div>\n\t\t\t\t\t\t\t<\/div>\n\t\t<\/section>\n\t\t\t\t<section class=\"elementor-section elementor-top-section elementor-element elementor-element-a92d66c elementor-section-boxed elementor-section-height-default elementor-section-height-default\" data-id=\"a92d66c\" data-element_type=\"section\">\n\t\t\t\t\t\t<div class=\"elementor-container elementor-column-gap-default\">\n\t\t\t\t\t<div class=\"elementor-column elementor-col-100 elementor-top-column elementor-element elementor-element-2d5792a\" data-id=\"2d5792a\" data-element_type=\"column\">\n\t\t\t<div class=\"elementor-widget-wrap elementor-element-populated\">\n\t\t\t\t\t\t\t\t<div class=\"elementor-element elementor-element-a6fb619 elementor-widget elementor-widget-heading\" data-id=\"a6fb619\" data-element_type=\"widget\" data-widget_type=\"heading.default\">\n\t\t\t\t<div class=\"elementor-widget-container\">\n\t\t\t<h2 class=\"elementor-heading-title elementor-size-default\">L'impression<\/h2>\t\t<\/div>\n\t\t\t\t<\/div>\n\t\t\t\t\t<\/div>\n\t\t<\/div>\n\t\t\t\t\t\t\t<\/div>\n\t\t<\/section>\n\t\t\t\t<section class=\"elementor-section elementor-top-section elementor-element elementor-element-7e13e43 elementor-section-boxed elementor-section-height-default elementor-section-height-default\" data-id=\"7e13e43\" data-element_type=\"section\">\n\t\t\t\t\t\t<div class=\"elementor-container elementor-column-gap-default\">\n\t\t\t\t\t<div class=\"elementor-column elementor-col-100 elementor-top-column elementor-element elementor-element-c839856\" data-id=\"c839856\" data-element_type=\"column\">\n\t\t\t<div class=\"elementor-widget-wrap elementor-element-populated\">\n\t\t\t\t\t\t\t\t<div class=\"elementor-element elementor-element-a21aec6 elementor-widget elementor-widget-text-editor\" data-id=\"a21aec6\" data-element_type=\"widget\" data-widget_type=\"text-editor.default\">\n\t\t\t\t<div class=\"elementor-widget-container\">\n\t\t\t\t\t<div class=\"elementor-text-editor elementor-clearfix\"><p>\u2013 IMPRESSION NUM\u00c9RIQUE<br \/>\u2013 SUPPORTS : <br \/>ADH\u00c9SIF <br \/>BACHE<br \/>ROLL-UP<br \/>ALU DIBOND<br \/>PVC<br \/>BIPLEX<br \/>AKILUX<\/p><\/div>\n\t\t\t\t<\/div>\n\t\t\t\t<\/div>\n\t\t\t\t\t<\/div>\n\t\t<\/div>\n\t\t\t\t\t\t\t<\/div>\n\t\t<\/section>\n\t\t\t\t<section class=\"elementor-section elementor-top-section elementor-element elementor-element-784c55d elementor-section-boxed elementor-section-height-default elementor-section-height-default\" data-id=\"784c55d\" data-element_type=\"section\">\n\t\t\t\t\t\t<div class=\"elementor-container elementor-column-gap-default\">\n\t\t\t\t\t<div class=\"elementor-column elementor-col-100 elementor-top-column elementor-element elementor-element-d4275c3\" data-id=\"d4275c3\" data-element_type=\"column\">\n\t\t\t<div class=\"elementor-widget-wrap elementor-element-populated\">\n\t\t\t\t\t\t\t\t<div class=\"elementor-element elementor-element-6d7e8d6 elementor-fixed elementor-widget elementor-widget-text-editor\" data-id=\"6d7e8d6\" data-element_type=\"widget\" data-settings=\"{&quot;_position&quot;:&quot;fixed&quot;}\" data-widget_type=\"text-editor.default\">\n\t\t\t\t<div class=\"elementor-widget-container\">\n\t\t\t\t\t<div class=\"elementor-text-editor elementor-clearfix\"><strong>Pour toutes vos questions concernant vos futures r\u00e9alisations utilisez la rubrique <span style=\"color: #ff6600;\"><a style=\"color: #ff6600;\" href=\"http:\/\/www.brunopublicite.fr\/index.php\/contact\/\">Contact<\/a> <\/span>ou envoyez nous un mail \u00e0\n<\/strong>\n<h2><span style=\"color: #0000ff;\"><a style=\"color: #0000ff;\" href=\"mailto:bruno@brunopublicite.fr\">bruno@brunopublicite.fr<\/a><\/span><\/h2><\/div>\n\t\t\t\t<\/div>\n\t\t\t\t<\/div>\n\t\t\t\t\t<\/div>\n\t\t<\/div>\n\t\t\t\t\t\t\t<\/div>\n\t\t<\/section>\n\t\t\t\t<section class=\"elementor-section elementor-top-section elementor-element elementor-element-0a2eff9 elementor-section-boxed elementor-section-height-default elementor-section-height-default\" data-id=\"0a2eff9\" data-element_type=\"section\">\n\t\t\t\t\t\t<div class=\"elementor-container elementor-column-gap-default\">\n\t\t\t\t\t<div class=\"elementor-column elementor-col-100 elementor-top-column elementor-element elementor-element-5367c4b\" data-id=\"5367c4b\" data-element_type=\"column\">\n\t\t\t<div class=\"elementor-widget-wrap elementor-element-populated\">\n\t\t\t\t\t\t\t\t<div class=\"elementor-element elementor-element-05561d5 elementor-arrows-position-inside elementor-pagination-position-outside elementor-widget elementor-widget-image-carousel\" data-id=\"05561d5\" data-element_type=\"widget\" data-settings=\"{&quot;navigation&quot;:&quot;both&quot;,&quot;autoplay&quot;:&quot;yes&quot;,&quot;pause_on_hover&quot;:&quot;yes&quot;,&quot;pause_on_interaction&quot;:&quot;yes&quot;,&quot;autoplay_speed&quot;:5000,&quot;infinite&quot;:&quot;yes&quot;,&quot;speed&quot;:500}\" data-widget_type=\"image-carousel.default\">\n\t\t\t\t<div class=\"elementor-widget-container\">\n\t\t\t\t\t<div class=\"elementor-image-carousel-wrapper swiper-container\" dir=\"ltr\">\n\t\t\t<div class=\"elementor-image-carousel swiper-wrapper\">\n\t\t\t\t<div class=\"swiper-slide\"><figure class=\"swiper-slide-inner\"><img class=\"swiper-slide-image\" src=\"https:\/\/www.brunopublicite.fr\/wp-content\/uploads\/2021\/06\/IMG_20210614_093026-225x300.jpg\" alt=\"Adh\u00e9sif format 2100 x 900 mm \u00e0 poser sur une porte\" \/><figcaption class=\"elementor-image-carousel-caption\">Adh\u00e9sif format 2100 x 900 mm \u00e0 poser sur une porte<\/figcaption><\/figure><\/div>\t\t\t<\/div>\n\t\t\t\t\t<\/div>\n\t\t\t\t<\/div>\n\t\t\t\t<\/div>\n\t\t\t\t\t<\/div>\n\t\t<\/div>\n\t\t\t\t\t\t\t<\/div>\n\t\t<\/section>\n\t\t\t\t\t\t<\/div>\n\t\t\t\t\t<\/div>\n\t\t","protected":false},"excerpt":{"rendered":"<p>Panneaux Enseignes D\u00e9coupe Impression V\u00e9hicules Accueil Contact R\u00e9alisations L&#8217;impression \u2013 IMPRESSION NUM\u00c9RIQUE\u2013 SUPPORTS : ADH\u00c9SIF BACHEROLL-UPALU DIBONDPVCBIPLEXAKILUX Pour toutes vos questions concernant vos futures r\u00e9alisations utilisez la rubrique Contact ou envoyez nous un mail \u00e0 bruno@brunopublicite.fr Adh\u00e9sif format 2100 x 900 mm \u00e0 poser sur une porte<\/p>\n","protected":false},"author":1,"featured_media":0,"parent":0,"menu_order":0,"comment_status":"closed","ping_status":"closed","template":"page-templates\/template-pagebuilder-full-width.php","meta":{"neve_meta_sidebar":"full-width","neve_meta_container":"","neve_meta_enable_content_width":"on","neve_meta_content_width":100,"neve_meta_title_alignment":"","neve_meta_author_avatar":"","neve_post_elements_order":"","neve_meta_disable_header":"","neve_meta_disable_footer":"","neve_meta_disable_title":""},"uagb_featured_image_src":{"full":false,"thumbnail":false,"medium":false,"medium_large":false,"large":false,"1536x1536":false,"2048x2048":false,"neve-blog":false},"uagb_author_info":{"display_name":"admin2184","author_link":"https:\/\/www.brunopublicite.fr\/index.php\/author\/admin2184\/"},"uagb_comment_info":0,"uagb_excerpt":"Panneaux Enseignes D\u00e9coupe Impression V\u00e9hicules Accueil Contact R\u00e9alisations L&#8217;impression \u2013 IMPRESSION NUM\u00c9RIQUE\u2013 SUPPORTS : ADH\u00c9SIF BACHEROLL-UPALU DIBONDPVCBIPLEXAKILUX Pour toutes vos questions concernant vos futures r\u00e9alisations utilisez la rubrique Contact ou envoyez nous un mail \u00e0 bruno@brunopublicite.fr Adh\u00e9sif format 2100 x 900 mm \u00e0 poser sur une porte","yoast_head":"<!-- This site is optimized with the Yoast SEO plugin v15.9.2 - https:\/\/yoast.com\/wordpress\/plugins\/seo\/ -->\n<title>Impression - Bruno Publicit\u00e9<\/title>\n<link rel=\"canonical\" href=\"https:\/\/www.brunopublicite.fr\/index.php\/impression\/\" \/>\n<meta property=\"og:locale\" content=\"en_US\" \/>\n<meta property=\"og:type\" content=\"article\" \/>\n<meta property=\"og:title\" content=\"Impression - Bruno Publicit\u00e9\" \/>\n<meta property=\"og:description\" content=\"Panneaux Enseignes D\u00e9coupe Impression V\u00e9hicules Accueil Contact R\u00e9alisations L&#8217;impression \u2013 IMPRESSION NUM\u00c9RIQUE\u2013 SUPPORTS : ADH\u00c9SIF BACHEROLL-UPALU DIBONDPVCBIPLEXAKILUX Pour toutes vos questions concernant vos futures r\u00e9alisations utilisez la rubrique Contact ou envoyez nous un mail \u00e0 bruno@brunopublicite.fr Adh\u00e9sif format 2100 x 900 mm \u00e0 poser sur une porte\" \/>\n<meta property=\"og:url\" content=\"https:\/\/www.brunopublicite.fr\/index.php\/impression\/\" \/>\n<meta property=\"og:site_name\" content=\"Bruno Publicit\u00e9\" \/>\n<meta property=\"article:modified_time\" content=\"2021-06-26T08:08:52+00:00\" \/>\n<meta property=\"og:image\" content=\"http:\/\/www.brunopublicite.fr\/wp-content\/uploads\/2021\/06\/IMG_20210614_093026-225x300.jpg\" \/>\n<meta name=\"twitter:card\" content=\"summary_large_image\" \/>\n<meta name=\"twitter:label1\" content=\"Est. reading time\">\n\t<meta name=\"twitter:data1\" content=\"1 minute\">\n<script type=\"application\/ld+json\" class=\"yoast-schema-graph\">{\"@context\":\"https:\/\/schema.org\",\"@graph\":[{\"@type\":\"WebSite\",\"@id\":\"https:\/\/www.brunopublicite.fr\/#website\",\"url\":\"https:\/\/www.brunopublicite.fr\/\",\"name\":\"Bruno Publicit\\u00e9\",\"description\":\"Partenaire de votre communication visuelle\",\"potentialAction\":[{\"@type\":\"SearchAction\",\"target\":\"https:\/\/www.brunopublicite.fr\/?s={search_term_string}\",\"query-input\":\"required name=search_term_string\"}],\"inLanguage\":\"en-US\"},{\"@type\":\"ImageObject\",\"@id\":\"https:\/\/www.brunopublicite.fr\/index.php\/impression\/#primaryimage\",\"inLanguage\":\"en-US\",\"url\":\"http:\/\/www.brunopublicite.fr\/wp-content\/uploads\/2021\/06\/IMG_20210614_093026-225x300.jpg\"},{\"@type\":\"WebPage\",\"@id\":\"https:\/\/www.brunopublicite.fr\/index.php\/impression\/#webpage\",\"url\":\"https:\/\/www.brunopublicite.fr\/index.php\/impression\/\",\"name\":\"Impression - Bruno Publicit\\u00e9\",\"isPartOf\":{\"@id\":\"https:\/\/www.brunopublicite.fr\/#website\"},\"primaryImageOfPage\":{\"@id\":\"https:\/\/www.brunopublicite.fr\/index.php\/impression\/#primaryimage\"},\"datePublished\":\"2021-03-10T19:36:19+00:00\",\"dateModified\":\"2021-06-26T08:08:52+00:00\",\"breadcrumb\":{\"@id\":\"https:\/\/www.brunopublicite.fr\/index.php\/impression\/#breadcrumb\"},\"inLanguage\":\"en-US\",\"potentialAction\":[{\"@type\":\"ReadAction\",\"target\":[\"https:\/\/www.brunopublicite.fr\/index.php\/impression\/\"]}]},{\"@type\":\"BreadcrumbList\",\"@id\":\"https:\/\/www.brunopublicite.fr\/index.php\/impression\/#breadcrumb\",\"itemListElement\":[{\"@type\":\"ListItem\",\"position\":1,\"item\":{\"@type\":\"WebPage\",\"@id\":\"https:\/\/www.brunopublicite.fr\/\",\"url\":\"https:\/\/www.brunopublicite.fr\/\",\"name\":\"Accueil\"}},{\"@type\":\"ListItem\",\"position\":2,\"item\":{\"@type\":\"WebPage\",\"@id\":\"https:\/\/www.brunopublicite.fr\/index.php\/impression\/\",\"url\":\"https:\/\/www.brunopublicite.fr\/index.php\/impression\/\",\"name\":\"Impression\"}}]}]}<\/script>\n<!-- \/ Yoast SEO plugin. -->","_links":{"self":[{"href":"https:\/\/www.brunopublicite.fr\/index.php\/wp-json\/wp\/v2\/pages\/661"}],"collection":[{"href":"https:\/\/www.brunopublicite.fr\/index.php\/wp-json\/wp\/v2\/pages"}],"about":[{"href":"https:\/\/www.brunopublicite.fr\/index.php\/wp-json\/wp\/v2\/types\/page"}],"author":[{"embeddable":true,"href":"https:\/\/www.brunopublicite.fr\/index.php\/wp-json\/wp\/v2\/users\/1"}],"replies":[{"embeddable":true,"href":"https:\/\/www.brunopublicite.fr\/index.php\/wp-json\/wp\/v2\/comments?post=661"}],"version-history":[{"count":131,"href":"https:\/\/www.brunopublicite.fr\/index.php\/wp-json\/wp\/v2\/pages\/661\/revisions"}],"predecessor-version":[{"id":1264,"href":"https:\/\/www.brunopublicite.fr\/index.php\/wp-json\/wp\/v2\/pages\/661\/revisions\/1264"}],"wp:attachment":[{"href":"https:\/\/www.brunopublicite.fr\/index.php\/wp-json\/wp\/v2\/media?parent=661"}],"curies":[{"name":"wp","href":"https:\/\/api.w.org\/{rel}","templated":true}]}}