{"id":413,"date":"2021-03-09T12:17:04","date_gmt":"2021-03-09T11:17:04","guid":{"rendered":"http:\/\/www.brunopublicite.fr\/?page_id=413"},"modified":"2021-05-25T14:04:33","modified_gmt":"2021-05-25T12:04:33","slug":"contact","status":"publish","type":"page","link":"https:\/\/www.brunopublicite.fr\/index.php\/contact\/","title":{"rendered":"Contact"},"content":{"rendered":"\t\t<div data-elementor-type=\"wp-page\" data-elementor-id=\"413\" class=\"elementor elementor-413\" data-elementor-settings=\"[]\">\n\t\t\t\t\t\t\t<div class=\"elementor-section-wrap\">\n\t\t\t\t\t\t\t<section class=\"elementor-section elementor-top-section elementor-element elementor-element-69ae235 elementor-section-boxed elementor-section-height-default elementor-section-height-default\" data-id=\"69ae235\" data-element_type=\"section\">\n\t\t\t\t\t\t<div class=\"elementor-container elementor-column-gap-default\">\n\t\t\t\t\t<div class=\"elementor-column elementor-col-12 elementor-top-column elementor-element elementor-element-930d231\" data-id=\"930d231\" data-element_type=\"column\" data-settings=\"{&quot;background_background&quot;:&quot;classic&quot;}\">\n\t\t\t<div class=\"elementor-widget-wrap elementor-element-populated\">\n\t\t\t\t\t\t\t\t<div class=\"elementor-element elementor-element-96979ec elementor-widget elementor-widget-heading\" data-id=\"96979ec\" data-element_type=\"widget\" data-widget_type=\"heading.default\">\n\t\t\t\t<div class=\"elementor-widget-container\">\n\t\t\t<h2 class=\"elementor-heading-title elementor-size-medium\"><a href=\"http:\/\/www.brunopublicite.fr\/index.php\/panneaux\/\">Panneaux<\/a><\/h2>\t\t<\/div>\n\t\t\t\t<\/div>\n\t\t\t\t\t<\/div>\n\t\t<\/div>\n\t\t\t\t<div class=\"elementor-column elementor-col-12 elementor-top-column elementor-element elementor-element-90d2f7c\" data-id=\"90d2f7c\" data-element_type=\"column\" data-settings=\"{&quot;background_background&quot;:&quot;classic&quot;}\">\n\t\t\t<div class=\"elementor-widget-wrap elementor-element-populated\">\n\t\t\t\t\t\t\t\t<div class=\"elementor-element elementor-element-97e8bfc elementor-widget elementor-widget-heading\" data-id=\"97e8bfc\" data-element_type=\"widget\" data-widget_type=\"heading.default\">\n\t\t\t\t<div class=\"elementor-widget-container\">\n\t\t\t<h2 class=\"elementor-heading-title elementor-size-medium\"><a href=\"http:\/\/www.brunopublicite.fr\/index.php\/les-enseignes\/\">Enseignes<\/a><\/h2>\t\t<\/div>\n\t\t\t\t<\/div>\n\t\t\t\t\t<\/div>\n\t\t<\/div>\n\t\t\t\t<div class=\"elementor-column elementor-col-12 elementor-top-column elementor-element elementor-element-e33534d\" data-id=\"e33534d\" data-element_type=\"column\" data-settings=\"{&quot;background_background&quot;:&quot;classic&quot;}\">\n\t\t\t<div class=\"elementor-widget-wrap elementor-element-populated\">\n\t\t\t\t\t\t\t\t<div class=\"elementor-element elementor-element-6f786d2 elementor-widget elementor-widget-heading\" data-id=\"6f786d2\" data-element_type=\"widget\" data-widget_type=\"heading.default\">\n\t\t\t\t<div class=\"elementor-widget-container\">\n\t\t\t<h2 class=\"elementor-heading-title elementor-size-medium\"><a href=\"http:\/\/www.brunopublicite.fr\/index.php\/la-decoupe\/\">D\u00e9coupe<\/a><\/h2>\t\t<\/div>\n\t\t\t\t<\/div>\n\t\t\t\t\t<\/div>\n\t\t<\/div>\n\t\t\t\t<div class=\"elementor-column elementor-col-12 elementor-top-column elementor-element elementor-element-24ea307\" data-id=\"24ea307\" data-element_type=\"column\" data-settings=\"{&quot;background_background&quot;:&quot;classic&quot;}\">\n\t\t\t<div class=\"elementor-widget-wrap elementor-element-populated\">\n\t\t\t\t\t\t\t\t<div class=\"elementor-element elementor-element-1c6cde3 elementor-widget elementor-widget-heading\" data-id=\"1c6cde3\" data-element_type=\"widget\" data-widget_type=\"heading.default\">\n\t\t\t\t<div class=\"elementor-widget-container\">\n\t\t\t<h2 class=\"elementor-heading-title elementor-size-medium\"><a href=\"http:\/\/www.brunopublicite.fr\/index.php\/impression\/\">Impression<\/a><\/h2>\t\t<\/div>\n\t\t\t\t<\/div>\n\t\t\t\t\t<\/div>\n\t\t<\/div>\n\t\t\t\t<div class=\"elementor-column elementor-col-12 elementor-top-column elementor-element elementor-element-1569b7c\" data-id=\"1569b7c\" data-element_type=\"column\" data-settings=\"{&quot;background_background&quot;:&quot;classic&quot;}\">\n\t\t\t<div class=\"elementor-widget-wrap elementor-element-populated\">\n\t\t\t\t\t\t\t\t<div class=\"elementor-element elementor-element-ff46493 elementor-widget elementor-widget-heading\" data-id=\"ff46493\" data-element_type=\"widget\" data-widget_type=\"heading.default\">\n\t\t\t\t<div class=\"elementor-widget-container\">\n\t\t\t<h2 class=\"elementor-heading-title elementor-size-medium\"><a href=\"http:\/\/www.brunopublicite.fr\/index.php\/decoration-de-vehicules\/\">V\u00e9hicules<\/a><\/h2>\t\t<\/div>\n\t\t\t\t<\/div>\n\t\t\t\t\t<\/div>\n\t\t<\/div>\n\t\t\t\t<div class=\"elementor-column elementor-col-12 elementor-top-column elementor-element elementor-element-0be6a6a\" data-id=\"0be6a6a\" data-element_type=\"column\" data-settings=\"{&quot;background_background&quot;:&quot;classic&quot;}\">\n\t\t\t<div class=\"elementor-widget-wrap elementor-element-populated\">\n\t\t\t\t\t\t\t\t<div class=\"elementor-element elementor-element-793a1fc elementor-widget elementor-widget-heading\" data-id=\"793a1fc\" data-element_type=\"widget\" data-widget_type=\"heading.default\">\n\t\t\t\t<div class=\"elementor-widget-container\">\n\t\t\t<h2 class=\"elementor-heading-title elementor-size-medium\"><a href=\"http:\/\/brunopublicite.fr\/\">Accueil<\/a><\/h2>\t\t<\/div>\n\t\t\t\t<\/div>\n\t\t\t\t\t<\/div>\n\t\t<\/div>\n\t\t\t\t<div class=\"elementor-column elementor-col-12 elementor-top-column elementor-element elementor-element-3916f24\" data-id=\"3916f24\" data-element_type=\"column\" data-settings=\"{&quot;background_background&quot;:&quot;classic&quot;}\">\n\t\t\t<div class=\"elementor-widget-wrap elementor-element-populated\">\n\t\t\t\t\t\t\t\t<div class=\"elementor-element elementor-element-9d6ef2d elementor-widget elementor-widget-heading\" data-id=\"9d6ef2d\" data-element_type=\"widget\" data-widget_type=\"heading.default\">\n\t\t\t\t<div class=\"elementor-widget-container\">\n\t\t\t<h2 class=\"elementor-heading-title elementor-size-medium\"><a href=\"http:\/\/www.brunopublicite.fr\/index.php\/contact\/\">Contact<\/a><\/h2>\t\t<\/div>\n\t\t\t\t<\/div>\n\t\t\t\t\t<\/div>\n\t\t<\/div>\n\t\t\t\t<div class=\"elementor-column elementor-col-12 elementor-top-column elementor-element elementor-element-89f5410\" data-id=\"89f5410\" data-element_type=\"column\" data-settings=\"{&quot;background_background&quot;:&quot;classic&quot;}\">\n\t\t\t<div class=\"elementor-widget-wrap elementor-element-populated\">\n\t\t\t\t\t\t\t\t<div class=\"elementor-element elementor-element-574c5af elementor-widget elementor-widget-heading\" data-id=\"574c5af\" data-element_type=\"widget\" data-widget_type=\"heading.default\">\n\t\t\t\t<div class=\"elementor-widget-container\">\n\t\t\t<h2 class=\"elementor-heading-title elementor-size-medium\"><a href=\"http:\/\/www.brunopublicite.fr\/index.php\/nos-realisations\/\">R\u00e9alisations<\/a><\/h2>\t\t<\/div>\n\t\t\t\t<\/div>\n\t\t\t\t\t<\/div>\n\t\t<\/div>\n\t\t\t\t\t\t\t<\/div>\n\t\t<\/section>\n\t\t\t\t<section class=\"elementor-section elementor-top-section elementor-element elementor-element-3a230a6 elementor-section-boxed elementor-section-height-default elementor-section-height-default\" data-id=\"3a230a6\" data-element_type=\"section\">\n\t\t\t\t\t\t<div class=\"elementor-container elementor-column-gap-default\">\n\t\t\t\t\t<div class=\"elementor-column elementor-col-100 elementor-top-column elementor-element elementor-element-c03f14f\" data-id=\"c03f14f\" data-element_type=\"column\">\n\t\t\t<div class=\"elementor-widget-wrap elementor-element-populated\">\n\t\t\t\t\t\t\t\t<div class=\"elementor-element elementor-element-cd0af2a elementor-widget elementor-widget-heading\" data-id=\"cd0af2a\" data-element_type=\"widget\" data-widget_type=\"heading.default\">\n\t\t\t\t<div class=\"elementor-widget-container\">\n\t\t\t<h2 class=\"elementor-heading-title elementor-size-default\">Nous contacter<\/h2>\t\t<\/div>\n\t\t\t\t<\/div>\n\t\t\t\t\t<\/div>\n\t\t<\/div>\n\t\t\t\t\t\t\t<\/div>\n\t\t<\/section>\n\t\t\t\t<section class=\"elementor-section elementor-top-section elementor-element elementor-element-1408e5d elementor-section-boxed elementor-section-height-default elementor-section-height-default\" data-id=\"1408e5d\" data-element_type=\"section\">\n\t\t\t\t\t\t<div class=\"elementor-container elementor-column-gap-default\">\n\t\t\t\t\t<div class=\"elementor-column elementor-col-100 elementor-top-column elementor-element elementor-element-084d17a\" data-id=\"084d17a\" data-element_type=\"column\">\n\t\t\t<div class=\"elementor-widget-wrap elementor-element-populated\">\n\t\t\t\t\t\t\t\t<div class=\"elementor-element elementor-element-e5f884a elementor-widget elementor-widget-wp-widget-forminator_widget\" data-id=\"e5f884a\" data-element_type=\"widget\" data-widget_type=\"wp-widget-forminator_widget.default\">\n\t\t\t\t<div class=\"elementor-widget-container\">\n\t\t\t<h5>\u00a0<\/h5><div class=\"forminator-ui forminator-custom-form forminator-custom-form-845 forminator-design--default  forminator_ajax\" data-forminator-render=\"0\" data-form=\"forminator-module-845\"><br\/><\/div><form\n\t\t\t\tid=\"forminator-module-845\"\n\t\t\t\tclass=\"forminator-ui forminator-custom-form forminator-custom-form-845 forminator-design--default  forminator_ajax\"\n\t\t\t\taction=\"\"\n\t\t\t\tmethod=\"post\"\n\t\t\t\tdata-forminator-render=\"0\"\n\t\t\t\tdata-form-id=\"845\"\n\t\t\t\t\n\t\t\t\tdata-design=\"default\"\n\t\t\t\t\n\t\t\t\t\n\t\t\t\t\n\t\t\t\tdata-grid=\"open\"\n\t\t\t\t\n\t\t\t\t\n\t\t\t\tstyle=\"display: none;\"\n\t\t\t><div class=\"forminator-response-message forminator-error\" aria-hidden=\"true\"><\/div><div class=\"forminator-row\"><div id=\"name-2\" class=\"forminator-col forminator-col-4 \"><div class=\"forminator-field\"><label for=\"forminator-field-name-2\" class=\"forminator-label\">Nom<\/label><input type=\"text\" name=\"name-2\" value=\"\" placeholder=\"Par exemple\u00a0: Jacques Martin\" id=\"forminator-field-name-2\" class=\"forminator-input forminator-name--field\" aria-required=\"false\" \/><\/div><\/div><div id=\"name-1\" class=\"forminator-col forminator-col-4 \"><div class=\"forminator-field\"><label for=\"forminator-field-name-1\" class=\"forminator-label\">Pr\u00e9nom <span class=\"forminator-required\">*<\/span><\/label><input type=\"text\" name=\"name-1\" value=\"\" placeholder=\"Par exemple\u00a0: Jean\" id=\"forminator-field-name-1\" class=\"forminator-input forminator-name--field\" aria-required=\"true\" \/><\/div><\/div><div id=\"phone-1\" class=\"forminator-col forminator-col-4 \"><div class=\"forminator-field\"><label for=\"forminator-field-phone-1\" class=\"forminator-label\">Num\u00e9ro de t\u00e9l\u00e9phone<\/label><input type=\"text\" name=\"phone-1\" value=\"\" placeholder=\"Par exemple\u00a0: +1 02 03 04 05\" id=\"forminator-field-phone-1\" class=\"forminator-input forminator-field--phone\" data-required=\"\" aria-required=\"false\" autocomplete=\"off\" maxlength=\"10\" data-validation=\"character_limit\" \/><span class=\"forminator-description\"><span data-limit=\"10\" data-type=\"\">0 \/ 10<\/span><\/span><\/div><\/div><\/div><div class=\"forminator-row\"><div id=\"email-1\" class=\"forminator-col forminator-col-6 \"><div class=\"forminator-field\"><label for=\"forminator-field-email-1\" class=\"forminator-label\">Adresse de messagerie <span class=\"forminator-required\">*<\/span><\/label><input type=\"email\" name=\"email-1\" value=\"\" placeholder=\"Par exemple\u00a0: jacques@martin.com\" id=\"forminator-field-email-1\" class=\"forminator-input forminator-email--field\" data-required=\"1\" aria-required=\"true\" \/><\/div><\/div><div id=\"address-1\" class=\"forminator-col forminator-col-6 \"><div class=\"forminator-row\" data-multiple=\"false\"><div class=\"forminator-col forminator-col-12\"><div class=\"forminator-field\"><label for=\"forminator-field-cityaddress-1\" class=\"forminator-label\">Ville<\/label><input type=\"text\" name=\"address-1-city\" placeholder=\"Par exemple\u00a0: Paris\" id=\"forminator-field-cityaddress-1\" class=\"forminator-input\" data-required=\"\" aria-required=\"false\" value=\"\" \/><\/div><\/div><\/div><div class=\"forminator-row\" data-multiple=\"false\"><div class=\"forminator-col forminator-col-12\"><div class=\"forminator-field\"><label for=\"forminator-field-zip-address-1\" class=\"forminator-label\">Code postal<\/label><input type=\"text\" name=\"address-1-zip\" placeholder=\"Par exemple\u00a0: 2000\" id=\"forminator-field-zip-address-1\" class=\"forminator-input\" value=\"\" \/><\/div><\/div><\/div><\/div><\/div><div class=\"forminator-row\"><div id=\"textarea-1\" class=\"forminator-col forminator-col-12 \"><div class=\"forminator-field\"><label for=\"forminator-field-textarea-1\" class=\"forminator-label\">Message<\/label><textarea name=\"textarea-1\" placeholder=\"Saisissez votre message\u2026\" id=\"forminator-field-textarea-1\" class=\"forminator-textarea\" height=\"50\" style=\"min-height:px;\" maxlength=\"180\" ><\/textarea><span class=\"forminator-description\"><span data-limit=\"180\" data-type=\"characters\">0 \/ 180<\/span><\/span><\/div><\/div><\/div><input type=\"hidden\" name=\"referer_url\" value=\"\" \/><div class=\"forminator-row forminator-row-last\"><div class=\"forminator-col\"><div id=\"submit\" class=\"forminator-field\"><button class=\"forminator-button forminator-button-submit\">Envoyer le message<\/button><\/div><\/div><\/div><input type=\"hidden\" id=\"forminator_nonce\" name=\"forminator_nonce\" value=\"db41ae8228\" \/><input type=\"hidden\" name=\"_wp_http_referer\" value=\"\/index.php\/wp-json\/wp\/v2\/pages\/413\" \/><input type=\"hidden\" name=\"form_id\" value=\"845\"><input type=\"hidden\" name=\"page_id\" value=\"413\"><input type=\"hidden\" name=\"form_type\" value=\"default\"><input type=\"hidden\" name=\"current_url\" value=\"https:\/\/www.brunopublicite.fr\/wp-json\/wp\/v2\/pages\/413\/\"><input type=\"hidden\" name=\"render_id\" value=\"0\"><input type=\"hidden\" name=\"action\" value=\"forminator_submit_form_custom-forms\"><input type=\"text\" style=\"display:none !important; visibility:hidden !important;\" name=\"input_7\" value=\"\"><\/form>\t\t<\/div>\n\t\t\t\t<\/div>\n\t\t\t\t\t<\/div>\n\t\t<\/div>\n\t\t\t\t\t\t\t<\/div>\n\t\t<\/section>\n\t\t\t\t<section class=\"elementor-section elementor-top-section elementor-element elementor-element-4dea94b elementor-section-boxed elementor-section-height-default elementor-section-height-default\" data-id=\"4dea94b\" data-element_type=\"section\">\n\t\t\t\t\t\t<div class=\"elementor-container elementor-column-gap-default\">\n\t\t\t\t\t<div class=\"elementor-column elementor-col-100 elementor-top-column elementor-element elementor-element-88df03e\" data-id=\"88df03e\" data-element_type=\"column\">\n\t\t\t<div class=\"elementor-widget-wrap elementor-element-populated\">\n\t\t\t\t\t\t\t\t<div class=\"elementor-element elementor-element-45396a2 elementor-fixed elementor-widget elementor-widget-text-editor\" data-id=\"45396a2\" data-element_type=\"widget\" data-settings=\"{&quot;_position&quot;:&quot;fixed&quot;}\" data-widget_type=\"text-editor.default\">\n\t\t\t\t<div class=\"elementor-widget-container\">\n\t\t\t\t\t<div class=\"elementor-text-editor elementor-clearfix\"><h6>EURL Bruno Publicit\u00e9 &#8211; 17 rue de l&#8217;\u00e9glise 60790 Montherlant<br \/>RCS Beauvais 894 793 553<\/h6><\/div>\n\t\t\t\t<\/div>\n\t\t\t\t<\/div>\n\t\t\t\t\t<\/div>\n\t\t<\/div>\n\t\t\t\t\t\t\t<\/div>\n\t\t<\/section>\n\t\t\t\t\t\t<\/div>\n\t\t\t\t\t<\/div>\n\t\t","protected":false},"excerpt":{"rendered":"<p>Panneaux Enseignes D\u00e9coupe Impression V\u00e9hicules Accueil Contact R\u00e9alisations Nous contacter EURL Bruno Publicit\u00e9 &#8211; 17 rue de l&#8217;\u00e9glise 60790 MontherlantRCS Beauvais 894 793 553<\/p>\n","protected":false},"author":1,"featured_media":178,"parent":0,"menu_order":0,"comment_status":"closed","ping_status":"closed","template":"","meta":{"neve_meta_sidebar":"","neve_meta_container":"","neve_meta_enable_content_width":"off","neve_meta_content_width":0,"neve_meta_title_alignment":"","neve_meta_author_avatar":"","neve_post_elements_order":"","neve_meta_disable_header":"","neve_meta_disable_footer":"","neve_meta_disable_title":""},"uagb_featured_image_src":{"full":["https:\/\/www.brunopublicite.fr\/wp-content\/uploads\/2021\/03\/en-construction.png",1600,883,false],"thumbnail":["https:\/\/www.brunopublicite.fr\/wp-content\/uploads\/2021\/03\/en-construction-150x150.png",150,150,true],"medium":["https:\/\/www.brunopublicite.fr\/wp-content\/uploads\/2021\/03\/en-construction-300x166.png",300,166,true],"medium_large":["https:\/\/www.brunopublicite.fr\/wp-content\/uploads\/2021\/03\/en-construction-768x424.png",768,424,true],"large":["https:\/\/www.brunopublicite.fr\/wp-content\/uploads\/2021\/03\/en-construction-1024x565.png",1024,565,true],"1536x1536":["https:\/\/www.brunopublicite.fr\/wp-content\/uploads\/2021\/03\/en-construction-1536x848.png",1536,848,true],"2048x2048":["https:\/\/www.brunopublicite.fr\/wp-content\/uploads\/2021\/03\/en-construction.png",1600,883,false],"neve-blog":["https:\/\/www.brunopublicite.fr\/wp-content\/uploads\/2021\/03\/en-construction.png",930,513,false]},"uagb_author_info":{"display_name":"admin2184","author_link":"https:\/\/www.brunopublicite.fr\/index.php\/author\/admin2184\/"},"uagb_comment_info":0,"uagb_excerpt":"Panneaux Enseignes D\u00e9coupe Impression V\u00e9hicules Accueil Contact R\u00e9alisations Nous contacter EURL Bruno Publicit\u00e9 &#8211; 17 rue de l&#8217;\u00e9glise 60790 MontherlantRCS Beauvais 894 793 553","yoast_head":"<!-- This site is optimized with the Yoast SEO plugin v15.9.2 - https:\/\/yoast.com\/wordpress\/plugins\/seo\/ -->\n<title>Contact - Bruno Publicit\u00e9<\/title>\n<link rel=\"canonical\" href=\"https:\/\/www.brunopublicite.fr\/index.php\/contact\/\" \/>\n<meta property=\"og:locale\" content=\"en_US\" \/>\n<meta property=\"og:type\" content=\"article\" \/>\n<meta property=\"og:title\" content=\"Contact - Bruno Publicit\u00e9\" \/>\n<meta property=\"og:description\" content=\"Panneaux Enseignes D\u00e9coupe Impression V\u00e9hicules Accueil Contact R\u00e9alisations Nous contacter EURL Bruno Publicit\u00e9 &#8211; 17 rue de l&#8217;\u00e9glise 60790 MontherlantRCS Beauvais 894 793 553\" \/>\n<meta property=\"og:url\" content=\"https:\/\/www.brunopublicite.fr\/index.php\/contact\/\" \/>\n<meta property=\"og:site_name\" content=\"Bruno Publicit\u00e9\" \/>\n<meta property=\"article:modified_time\" content=\"2021-05-25T12:04:33+00:00\" \/>\n<meta property=\"og:image\" content=\"https:\/\/www.brunopublicite.fr\/wp-content\/uploads\/2021\/03\/en-construction.png\" \/>\n\t<meta property=\"og:image:width\" content=\"1600\" \/>\n\t<meta property=\"og:image:height\" content=\"883\" \/>\n<meta name=\"twitter:card\" content=\"summary_large_image\" \/>\n<meta name=\"twitter:label1\" content=\"Est. reading time\">\n\t<meta name=\"twitter:data1\" content=\"8 minutes\">\n<script type=\"application\/ld+json\" class=\"yoast-schema-graph\">{\"@context\":\"https:\/\/schema.org\",\"@graph\":[{\"@type\":\"WebSite\",\"@id\":\"https:\/\/www.brunopublicite.fr\/#website\",\"url\":\"https:\/\/www.brunopublicite.fr\/\",\"name\":\"Bruno Publicit\\u00e9\",\"description\":\"Partenaire de votre communication visuelle\",\"potentialAction\":[{\"@type\":\"SearchAction\",\"target\":\"https:\/\/www.brunopublicite.fr\/?s={search_term_string}\",\"query-input\":\"required name=search_term_string\"}],\"inLanguage\":\"en-US\"},{\"@type\":\"ImageObject\",\"@id\":\"https:\/\/www.brunopublicite.fr\/index.php\/contact\/#primaryimage\",\"inLanguage\":\"en-US\",\"url\":\"https:\/\/www.brunopublicite.fr\/wp-content\/uploads\/2021\/03\/en-construction.png\",\"width\":1600,\"height\":883},{\"@type\":\"WebPage\",\"@id\":\"https:\/\/www.brunopublicite.fr\/index.php\/contact\/#webpage\",\"url\":\"https:\/\/www.brunopublicite.fr\/index.php\/contact\/\",\"name\":\"Contact - Bruno Publicit\\u00e9\",\"isPartOf\":{\"@id\":\"https:\/\/www.brunopublicite.fr\/#website\"},\"primaryImageOfPage\":{\"@id\":\"https:\/\/www.brunopublicite.fr\/index.php\/contact\/#primaryimage\"},\"datePublished\":\"2021-03-09T11:17:04+00:00\",\"dateModified\":\"2021-05-25T12:04:33+00:00\",\"breadcrumb\":{\"@id\":\"https:\/\/www.brunopublicite.fr\/index.php\/contact\/#breadcrumb\"},\"inLanguage\":\"en-US\",\"potentialAction\":[{\"@type\":\"ReadAction\",\"target\":[\"https:\/\/www.brunopublicite.fr\/index.php\/contact\/\"]}]},{\"@type\":\"BreadcrumbList\",\"@id\":\"https:\/\/www.brunopublicite.fr\/index.php\/contact\/#breadcrumb\",\"itemListElement\":[{\"@type\":\"ListItem\",\"position\":1,\"item\":{\"@type\":\"WebPage\",\"@id\":\"https:\/\/www.brunopublicite.fr\/\",\"url\":\"https:\/\/www.brunopublicite.fr\/\",\"name\":\"Accueil\"}},{\"@type\":\"ListItem\",\"position\":2,\"item\":{\"@type\":\"WebPage\",\"@id\":\"https:\/\/www.brunopublicite.fr\/index.php\/contact\/\",\"url\":\"https:\/\/www.brunopublicite.fr\/index.php\/contact\/\",\"name\":\"Contact\"}}]}]}<\/script>\n<!-- \/ Yoast SEO plugin. -->","_links":{"self":[{"href":"https:\/\/www.brunopublicite.fr\/index.php\/wp-json\/wp\/v2\/pages\/413"}],"collection":[{"href":"https:\/\/www.brunopublicite.fr\/index.php\/wp-json\/wp\/v2\/pages"}],"about":[{"href":"https:\/\/www.brunopublicite.fr\/index.php\/wp-json\/wp\/v2\/types\/page"}],"author":[{"embeddable":true,"href":"https:\/\/www.brunopublicite.fr\/index.php\/wp-json\/wp\/v2\/users\/1"}],"replies":[{"embeddable":true,"href":"https:\/\/www.brunopublicite.fr\/index.php\/wp-json\/wp\/v2\/comments?post=413"}],"version-history":[{"count":40,"href":"https:\/\/www.brunopublicite.fr\/index.php\/wp-json\/wp\/v2\/pages\/413\/revisions"}],"predecessor-version":[{"id":1140,"href":"https:\/\/www.brunopublicite.fr\/index.php\/wp-json\/wp\/v2\/pages\/413\/revisions\/1140"}],"wp:featuredmedia":[{"embeddable":true,"href":"https:\/\/www.brunopublicite.fr\/index.php\/wp-json\/wp\/v2\/media\/178"}],"wp:attachment":[{"href":"https:\/\/www.brunopublicite.fr\/index.php\/wp-json\/wp\/v2\/media?parent=413"}],"curies":[{"name":"wp","href":"https:\/\/api.w.org\/{rel}","templated":true}]}}